{"id":9351,"date":"2026-05-08T15:24:01","date_gmt":"2026-05-08T13:24:01","guid":{"rendered":"https:\/\/www.movin-montecarlo.com\/?post_type=product&#038;p=9351"},"modified":"2026-05-15T18:22:29","modified_gmt":"2026-05-15T16:22:29","slug":"set-de-porte-couteaux-sculptures-de-table","status":"publish","type":"product","link":"https:\/\/www.movin-montecarlo.com\/en\/product\/set-de-porte-couteaux-sculptures-de-table\/","title":{"rendered":"SET OF KNIFE HOLDERS - TABLE SCULPTURES"},"content":{"rendered":"<p>Mat\u00e9riau : \u00c9tain<\/p>\n<p>Coul\u00e9 \u00e0 la main<\/p>\n<p>Vendu par set de 2<\/p>","protected":false},"excerpt":{"rendered":"<p>Mat\u00e9riau : \u00c9tain Coul\u00e9 \u00e0 la main Vendu par set de 2<\/p>","protected":false},"featured_media":9156,"template":"","meta":[],"product_brand":[],"product_cat":[26],"product_tag":[248],"class_list":{"0":"post-9351","1":"product","2":"type-product","3":"status-publish","4":"has-post-thumbnail","6":"product_cat-art","7":"product_tag-lea-bigot","9":"first","10":"instock","11":"taxable","12":"shipping-taxable","13":"purchasable","14":"product-type-simple"},"yoast_head":"<!-- This site is optimized with the Yoast SEO plugin v27.6 - https:\/\/yoast.com\/product\/yoast-seo-wordpress\/ -->\n<title>SET DE PORTE COUTEAUX \u2013 SCULPTURES DE TABLE - Mov&#039;In Studio | Architecte d&#039;int\u00e9rieur<\/title>\n<meta name=\"description\" content=\"Portes couteaux, sculptures de table de L\u00e9a Bigot - Mat\u00e9riau : \u00c9tain - Vendu par set de 2 - \u00c0 d\u00e9couvrir dans notre showroom \u00e0 Monaco.\" \/>\n<meta name=\"robots\" content=\"index, follow, max-snippet:-1, max-image-preview:large, max-video-preview:-1\" \/>\n<link rel=\"canonical\" href=\"https:\/\/www.movin-montecarlo.com\/en\/product\/set-de-porte-couteaux-sculptures-de-table\/\" \/>\n<meta property=\"og:locale\" content=\"en_GB\" \/>\n<meta property=\"og:type\" content=\"article\" \/>\n<meta property=\"og:title\" content=\"SET DE PORTE COUTEAUX \u2013 SCULPTURES DE TABLE - Mov&#039;In Studio | Architecte d&#039;int\u00e9rieur\" \/>\n<meta property=\"og:description\" content=\"Portes couteaux, sculptures de table de L\u00e9a Bigot - Mat\u00e9riau : \u00c9tain - Vendu par set de 2 - \u00c0 d\u00e9couvrir dans notre showroom \u00e0 Monaco.\" \/>\n<meta property=\"og:url\" content=\"https:\/\/www.movin-montecarlo.com\/en\/product\/set-de-porte-couteaux-sculptures-de-table\/\" \/>\n<meta property=\"og:site_name\" content=\"Mov&#039;In Studio | Architecte d&#039;int\u00e9rieur\" \/>\n<meta property=\"article:modified_time\" content=\"2026-05-15T16:22:29+00:00\" \/>\n<meta property=\"og:image\" content=\"https:\/\/www.movin-montecarlo.com\/wp-content\/uploads\/2026\/04\/SET-DE-PORTE-COUTEAUX-\u2013-SCULPTURES-DE-TABLE-Lea-BIGOT.webp\" \/>\n\t<meta property=\"og:image:width\" content=\"1800\" \/>\n\t<meta property=\"og:image:height\" content=\"1800\" \/>\n\t<meta property=\"og:image:type\" content=\"image\/webp\" \/>\n<meta name=\"twitter:card\" content=\"summary_large_image\" \/>\n<meta name=\"twitter:label1\" content=\"Estimated reading time\" \/>\n\t<meta name=\"twitter:data1\" content=\"1 minute\" \/>\n<script type=\"application\/ld+json\" class=\"yoast-schema-graph\">{\"@context\":\"https:\\\/\\\/schema.org\",\"@graph\":[{\"@type\":\"WebPage\",\"@id\":\"https:\\\/\\\/www.movin-montecarlo.com\\\/produit\\\/set-de-porte-couteaux-sculptures-de-table\\\/\",\"url\":\"https:\\\/\\\/www.movin-montecarlo.com\\\/produit\\\/set-de-porte-couteaux-sculptures-de-table\\\/\",\"name\":\"SET DE PORTE COUTEAUX \u2013 SCULPTURES DE TABLE - Mov&#039;In Studio | Architecte d&#039;int\u00e9rieur\",\"isPartOf\":{\"@id\":\"https:\\\/\\\/www.movin-montecarlo.com\\\/#website\"},\"primaryImageOfPage\":{\"@id\":\"https:\\\/\\\/www.movin-montecarlo.com\\\/produit\\\/set-de-porte-couteaux-sculptures-de-table\\\/#primaryimage\"},\"image\":{\"@id\":\"https:\\\/\\\/www.movin-montecarlo.com\\\/produit\\\/set-de-porte-couteaux-sculptures-de-table\\\/#primaryimage\"},\"thumbnailUrl\":\"https:\\\/\\\/www.movin-montecarlo.com\\\/wp-content\\\/uploads\\\/2026\\\/04\\\/SET-DE-PORTE-COUTEAUX-\u2013-SCULPTURES-DE-TABLE-Lea-BIGOT.webp\",\"datePublished\":\"2026-05-08T13:24:01+00:00\",\"dateModified\":\"2026-05-15T16:22:29+00:00\",\"description\":\"Portes couteaux, sculptures de table de L\u00e9a Bigot - Mat\u00e9riau : \u00c9tain - Vendu par set de 2 - \u00c0 d\u00e9couvrir dans notre showroom \u00e0 Monaco.\",\"breadcrumb\":{\"@id\":\"https:\\\/\\\/www.movin-montecarlo.com\\\/produit\\\/set-de-porte-couteaux-sculptures-de-table\\\/#breadcrumb\"},\"inLanguage\":\"en-GB\",\"potentialAction\":[{\"@type\":\"ReadAction\",\"target\":[\"https:\\\/\\\/www.movin-montecarlo.com\\\/produit\\\/set-de-porte-couteaux-sculptures-de-table\\\/\"]}]},{\"@type\":\"ImageObject\",\"inLanguage\":\"en-GB\",\"@id\":\"https:\\\/\\\/www.movin-montecarlo.com\\\/produit\\\/set-de-porte-couteaux-sculptures-de-table\\\/#primaryimage\",\"url\":\"https:\\\/\\\/www.movin-montecarlo.com\\\/wp-content\\\/uploads\\\/2026\\\/04\\\/SET-DE-PORTE-COUTEAUX-\u2013-SCULPTURES-DE-TABLE-Lea-BIGOT.webp\",\"contentUrl\":\"https:\\\/\\\/www.movin-montecarlo.com\\\/wp-content\\\/uploads\\\/2026\\\/04\\\/SET-DE-PORTE-COUTEAUX-\u2013-SCULPTURES-DE-TABLE-Lea-BIGOT.webp\",\"width\":1800,\"height\":1800,\"caption\":\"Set de porte couteaux l\u00e9a bigot\"},{\"@type\":\"BreadcrumbList\",\"@id\":\"https:\\\/\\\/www.movin-montecarlo.com\\\/produit\\\/set-de-porte-couteaux-sculptures-de-table\\\/#breadcrumb\",\"itemListElement\":[{\"@type\":\"ListItem\",\"position\":1,\"name\":\"Accueil\",\"item\":\"https:\\\/\\\/www.movin-montecarlo.com\\\/\"},{\"@type\":\"ListItem\",\"position\":2,\"name\":\"Products\",\"item\":\"https:\\\/\\\/www.movin-montecarlo.com\\\/eng\\\/boutique__trashed\\\/\"},{\"@type\":\"ListItem\",\"position\":3,\"name\":\"SET DE PORTE COUTEAUX \u2013 SCULPTURES DE TABLE\"}]},{\"@type\":\"WebSite\",\"@id\":\"https:\\\/\\\/www.movin-montecarlo.com\\\/#website\",\"url\":\"https:\\\/\\\/www.movin-montecarlo.com\\\/\",\"name\":\"Mov&#039;In Studio | Architecte d&#039;int\u00e9rieur\",\"description\":\"Nous g\u00e9rons votre projet public ou priv\u00e9 de A \u00e0 Z : plans, propositions 3D, administratifs, suivi de chantier, s\u00e9lection de la d\u00e9coration, du mobilier et des mat\u00e9riaux, livraison et installation. Un espace neuf ou \u00e0 r\u00e9nover, contactez-nous.\",\"publisher\":{\"@id\":\"https:\\\/\\\/www.movin-montecarlo.com\\\/#organization\"},\"potentialAction\":[{\"@type\":\"SearchAction\",\"target\":{\"@type\":\"EntryPoint\",\"urlTemplate\":\"https:\\\/\\\/www.movin-montecarlo.com\\\/?s={search_term_string}\"},\"query-input\":{\"@type\":\"PropertyValueSpecification\",\"valueRequired\":true,\"valueName\":\"search_term_string\"}}],\"inLanguage\":\"en-GB\"},{\"@type\":\"Organization\",\"@id\":\"https:\\\/\\\/www.movin-montecarlo.com\\\/#organization\",\"name\":\"movin\",\"url\":\"https:\\\/\\\/www.movin-montecarlo.com\\\/\",\"logo\":{\"@type\":\"ImageObject\",\"inLanguage\":\"en-GB\",\"@id\":\"https:\\\/\\\/www.movin-montecarlo.com\\\/#\\\/schema\\\/logo\\\/image\\\/\",\"url\":\"https:\\\/\\\/www.movin-montecarlo.com\\\/wp-content\\\/uploads\\\/2025\\\/02\\\/cropped-Fichier-39.png\",\"contentUrl\":\"https:\\\/\\\/www.movin-montecarlo.com\\\/wp-content\\\/uploads\\\/2025\\\/02\\\/cropped-Fichier-39.png\",\"width\":1275,\"height\":874,\"caption\":\"movin\"},\"image\":{\"@id\":\"https:\\\/\\\/www.movin-montecarlo.com\\\/#\\\/schema\\\/logo\\\/image\\\/\"},\"sameAs\":[\"https:\\\/\\\/www.instagram.com\\\/movinmonaco\\\/\"]}]}<\/script>\n<!-- \/ Yoast SEO plugin. -->","yoast_head_json":{"title":"SET DE PORTE COUTEAUX \u2013 SCULPTURES DE TABLE - Mov&#039;In Studio | Architecte d&#039;int\u00e9rieur","description":"Portes couteaux, sculptures de table de L\u00e9a Bigot - Mat\u00e9riau : \u00c9tain - Vendu par set de 2 - \u00c0 d\u00e9couvrir dans notre showroom \u00e0 Monaco.","robots":{"index":"index","follow":"follow","max-snippet":"max-snippet:-1","max-image-preview":"max-image-preview:large","max-video-preview":"max-video-preview:-1"},"canonical":"https:\/\/www.movin-montecarlo.com\/en\/product\/set-de-porte-couteaux-sculptures-de-table\/","og_locale":"en_GB","og_type":"article","og_title":"SET DE PORTE COUTEAUX \u2013 SCULPTURES DE TABLE - Mov&#039;In Studio | Architecte d&#039;int\u00e9rieur","og_description":"Portes couteaux, sculptures de table de L\u00e9a Bigot - Mat\u00e9riau : \u00c9tain - Vendu par set de 2 - \u00c0 d\u00e9couvrir dans notre showroom \u00e0 Monaco.","og_url":"https:\/\/www.movin-montecarlo.com\/en\/product\/set-de-porte-couteaux-sculptures-de-table\/","og_site_name":"Mov&#039;In Studio | Architecte d&#039;int\u00e9rieur","article_modified_time":"2026-05-15T16:22:29+00:00","og_image":[{"width":1800,"height":1800,"url":"https:\/\/www.movin-montecarlo.com\/wp-content\/uploads\/2026\/04\/SET-DE-PORTE-COUTEAUX-\u2013-SCULPTURES-DE-TABLE-Lea-BIGOT.webp","type":"image\/webp"}],"twitter_card":"summary_large_image","twitter_misc":{"Estimated reading time":"1 minute"},"schema":{"@context":"https:\/\/schema.org","@graph":[{"@type":"WebPage","@id":"https:\/\/www.movin-montecarlo.com\/produit\/set-de-porte-couteaux-sculptures-de-table\/","url":"https:\/\/www.movin-montecarlo.com\/produit\/set-de-porte-couteaux-sculptures-de-table\/","name":"SET DE PORTE COUTEAUX \u2013 SCULPTURES DE TABLE - Mov&#039;In Studio | Architecte d&#039;int\u00e9rieur","isPartOf":{"@id":"https:\/\/www.movin-montecarlo.com\/#website"},"primaryImageOfPage":{"@id":"https:\/\/www.movin-montecarlo.com\/produit\/set-de-porte-couteaux-sculptures-de-table\/#primaryimage"},"image":{"@id":"https:\/\/www.movin-montecarlo.com\/produit\/set-de-porte-couteaux-sculptures-de-table\/#primaryimage"},"thumbnailUrl":"https:\/\/www.movin-montecarlo.com\/wp-content\/uploads\/2026\/04\/SET-DE-PORTE-COUTEAUX-\u2013-SCULPTURES-DE-TABLE-Lea-BIGOT.webp","datePublished":"2026-05-08T13:24:01+00:00","dateModified":"2026-05-15T16:22:29+00:00","description":"Portes couteaux, sculptures de table de L\u00e9a Bigot - Mat\u00e9riau : \u00c9tain - Vendu par set de 2 - \u00c0 d\u00e9couvrir dans notre showroom \u00e0 Monaco.","breadcrumb":{"@id":"https:\/\/www.movin-montecarlo.com\/produit\/set-de-porte-couteaux-sculptures-de-table\/#breadcrumb"},"inLanguage":"en-GB","potentialAction":[{"@type":"ReadAction","target":["https:\/\/www.movin-montecarlo.com\/produit\/set-de-porte-couteaux-sculptures-de-table\/"]}]},{"@type":"ImageObject","inLanguage":"en-GB","@id":"https:\/\/www.movin-montecarlo.com\/produit\/set-de-porte-couteaux-sculptures-de-table\/#primaryimage","url":"https:\/\/www.movin-montecarlo.com\/wp-content\/uploads\/2026\/04\/SET-DE-PORTE-COUTEAUX-\u2013-SCULPTURES-DE-TABLE-Lea-BIGOT.webp","contentUrl":"https:\/\/www.movin-montecarlo.com\/wp-content\/uploads\/2026\/04\/SET-DE-PORTE-COUTEAUX-\u2013-SCULPTURES-DE-TABLE-Lea-BIGOT.webp","width":1800,"height":1800,"caption":"Set de porte couteaux l\u00e9a bigot"},{"@type":"BreadcrumbList","@id":"https:\/\/www.movin-montecarlo.com\/produit\/set-de-porte-couteaux-sculptures-de-table\/#breadcrumb","itemListElement":[{"@type":"ListItem","position":1,"name":"Accueil","item":"https:\/\/www.movin-montecarlo.com\/"},{"@type":"ListItem","position":2,"name":"Products","item":"https:\/\/www.movin-montecarlo.com\/eng\/boutique__trashed\/"},{"@type":"ListItem","position":3,"name":"SET DE PORTE COUTEAUX \u2013 SCULPTURES DE TABLE"}]},{"@type":"WebSite","@id":"https:\/\/www.movin-montecarlo.com\/#website","url":"https:\/\/www.movin-montecarlo.com\/","name":"Mov'In Studio | Interior Architect","description":"We manage your public or private project from A to Z: plans, 3D proposals, administration, site supervision, selection of decoration, furniture and materials, delivery and installation. If you have a new space or a space to renovate, contact us.","publisher":{"@id":"https:\/\/www.movin-montecarlo.com\/#organization"},"potentialAction":[{"@type":"SearchAction","target":{"@type":"EntryPoint","urlTemplate":"https:\/\/www.movin-montecarlo.com\/?s={search_term_string}"},"query-input":{"@type":"PropertyValueSpecification","valueRequired":true,"valueName":"search_term_string"}}],"inLanguage":"en-GB"},{"@type":"Organization","@id":"https:\/\/www.movin-montecarlo.com\/#organization","name":"movin","url":"https:\/\/www.movin-montecarlo.com\/","logo":{"@type":"ImageObject","inLanguage":"en-GB","@id":"https:\/\/www.movin-montecarlo.com\/#\/schema\/logo\/image\/","url":"https:\/\/www.movin-montecarlo.com\/wp-content\/uploads\/2025\/02\/cropped-Fichier-39.png","contentUrl":"https:\/\/www.movin-montecarlo.com\/wp-content\/uploads\/2025\/02\/cropped-Fichier-39.png","width":1275,"height":874,"caption":"movin"},"image":{"@id":"https:\/\/www.movin-montecarlo.com\/#\/schema\/logo\/image\/"},"sameAs":["https:\/\/www.instagram.com\/movinmonaco\/"]}]}},"_links":{"self":[{"href":"https:\/\/www.movin-montecarlo.com\/en\/wp-json\/wp\/v2\/product\/9351","targetHints":{"allow":["GET"]}}],"collection":[{"href":"https:\/\/www.movin-montecarlo.com\/en\/wp-json\/wp\/v2\/product"}],"about":[{"href":"https:\/\/www.movin-montecarlo.com\/en\/wp-json\/wp\/v2\/types\/product"}],"version-history":[{"count":3,"href":"https:\/\/www.movin-montecarlo.com\/en\/wp-json\/wp\/v2\/product\/9351\/revisions"}],"predecessor-version":[{"id":9510,"href":"https:\/\/www.movin-montecarlo.com\/en\/wp-json\/wp\/v2\/product\/9351\/revisions\/9510"}],"wp:featuredmedia":[{"embeddable":true,"href":"https:\/\/www.movin-montecarlo.com\/en\/wp-json\/wp\/v2\/media\/9156"}],"wp:attachment":[{"href":"https:\/\/www.movin-montecarlo.com\/en\/wp-json\/wp\/v2\/media?parent=9351"}],"wp:term":[{"taxonomy":"product_brand","embeddable":true,"href":"https:\/\/www.movin-montecarlo.com\/en\/wp-json\/wp\/v2\/product_brand?post=9351"},{"taxonomy":"product_cat","embeddable":true,"href":"https:\/\/www.movin-montecarlo.com\/en\/wp-json\/wp\/v2\/product_cat?post=9351"},{"taxonomy":"product_tag","embeddable":true,"href":"https:\/\/www.movin-montecarlo.com\/en\/wp-json\/wp\/v2\/product_tag?post=9351"}],"curies":[{"name":"wp","href":"https:\/\/api.w.org\/{rel}","templated":true}]}}