{"id":9257,"date":"2026-05-15T19:00:35","date_gmt":"2026-05-15T17:00:35","guid":{"rendered":"https:\/\/www.movin-montecarlo.com\/?post_type=product&#038;p=9257"},"modified":"2026-05-15T19:00:35","modified_gmt":"2026-05-15T17:00:35","slug":"poubelle-brun-earth-serax","status":"publish","type":"product","link":"https:\/\/www.movin-montecarlo.com\/en\/product\/poubelle-brun-earth-serax\/","title":{"rendered":"EARTH L BIN"},"content":{"rendered":"<p>Material: Papier m\u00e2ch\u00e9<\/p>\n<p>Colour: Brown<\/p>\n<p class=\"p1\">Dimensions : W 46 x D 33 x H 49 cm<\/p>\n<p class=\"p1\">","protected":false},"excerpt":{"rendered":"<p>Mat\u00e9riau : Papier m\u00e2ch\u00e9 Coloris : Brun Dimensions : L 46 x P 33 x H 49 cm<\/p>","protected":false},"featured_media":9150,"template":"","meta":[],"product_brand":[],"product_cat":[28],"product_tag":[49],"class_list":{"0":"post-9257","1":"product","2":"type-product","3":"status-publish","4":"has-post-thumbnail","6":"product_cat-accessoires","7":"product_tag-serax","9":"first","10":"onbackorder","11":"taxable","12":"shipping-taxable","13":"purchasable","14":"product-type-simple"},"yoast_head":"<!-- This site is optimized with the Yoast SEO plugin v27.6 - https:\/\/yoast.com\/product\/yoast-seo-wordpress\/ -->\n<title>SERAX I Marie Michielssen I POUBELLE EARTH L - Mov&#039;In Studio | Architecte d&#039;int\u00e9rieur<\/title>\n<meta name=\"description\" content=\"Poubelle EARTH L | SERAX - Designer : Marie Michielssen - Mat\u00e9riau : Papier m\u00e2ch\u00e9 - Dimensions : L 46 x P 33 x H 49 cm. En exposition dans notre showroom.\" \/>\n<meta name=\"robots\" content=\"index, follow, max-snippet:-1, max-image-preview:large, max-video-preview:-1\" \/>\n<link rel=\"canonical\" href=\"https:\/\/www.movin-montecarlo.com\/en\/product\/poubelle-brun-earth-serax\/\" \/>\n<meta property=\"og:locale\" content=\"en_GB\" \/>\n<meta property=\"og:type\" content=\"article\" \/>\n<meta property=\"og:title\" content=\"SERAX I Marie Michielssen I POUBELLE EARTH L - Mov&#039;In Studio | Architecte d&#039;int\u00e9rieur\" \/>\n<meta property=\"og:description\" content=\"Poubelle EARTH L | SERAX - Designer : Marie Michielssen - Mat\u00e9riau : Papier m\u00e2ch\u00e9 - Dimensions : L 46 x P 33 x H 49 cm. En exposition dans notre showroom.\" \/>\n<meta property=\"og:url\" content=\"https:\/\/www.movin-montecarlo.com\/en\/product\/poubelle-brun-earth-serax\/\" \/>\n<meta property=\"og:site_name\" content=\"Mov&#039;In Studio | Architecte d&#039;int\u00e9rieur\" \/>\n<meta property=\"og:image\" content=\"https:\/\/www.movin-montecarlo.com\/wp-content\/uploads\/2026\/04\/POT-LID-BROWN-EARTH-SERAX.webp\" \/>\n\t<meta property=\"og:image:width\" content=\"1800\" \/>\n\t<meta property=\"og:image:height\" content=\"1800\" \/>\n\t<meta property=\"og:image:type\" content=\"image\/webp\" \/>\n<meta name=\"twitter:card\" content=\"summary_large_image\" \/>\n<meta name=\"twitter:label1\" content=\"Estimated reading time\" \/>\n\t<meta name=\"twitter:data1\" content=\"1 minute\" \/>\n<script type=\"application\/ld+json\" class=\"yoast-schema-graph\">{\"@context\":\"https:\\\/\\\/schema.org\",\"@graph\":[{\"@type\":\"WebPage\",\"@id\":\"https:\\\/\\\/www.movin-montecarlo.com\\\/produit\\\/poubelle-brun-earth-serax\\\/\",\"url\":\"https:\\\/\\\/www.movin-montecarlo.com\\\/produit\\\/poubelle-brun-earth-serax\\\/\",\"name\":\"SERAX I Marie Michielssen I POUBELLE EARTH L - Mov&#039;In Studio | Architecte d&#039;int\u00e9rieur\",\"isPartOf\":{\"@id\":\"https:\\\/\\\/www.movin-montecarlo.com\\\/#website\"},\"primaryImageOfPage\":{\"@id\":\"https:\\\/\\\/www.movin-montecarlo.com\\\/produit\\\/poubelle-brun-earth-serax\\\/#primaryimage\"},\"image\":{\"@id\":\"https:\\\/\\\/www.movin-montecarlo.com\\\/produit\\\/poubelle-brun-earth-serax\\\/#primaryimage\"},\"thumbnailUrl\":\"https:\\\/\\\/www.movin-montecarlo.com\\\/wp-content\\\/uploads\\\/2026\\\/04\\\/POT-LID-BROWN-EARTH-SERAX.webp\",\"datePublished\":\"2026-05-15T17:00:35+00:00\",\"description\":\"Poubelle EARTH L | SERAX - Designer : Marie Michielssen - Mat\u00e9riau : Papier m\u00e2ch\u00e9 - Dimensions : L 46 x P 33 x H 49 cm. En exposition dans notre showroom.\",\"breadcrumb\":{\"@id\":\"https:\\\/\\\/www.movin-montecarlo.com\\\/produit\\\/poubelle-brun-earth-serax\\\/#breadcrumb\"},\"inLanguage\":\"en-GB\",\"potentialAction\":[{\"@type\":\"ReadAction\",\"target\":[\"https:\\\/\\\/www.movin-montecarlo.com\\\/produit\\\/poubelle-brun-earth-serax\\\/\"]}]},{\"@type\":\"ImageObject\",\"inLanguage\":\"en-GB\",\"@id\":\"https:\\\/\\\/www.movin-montecarlo.com\\\/produit\\\/poubelle-brun-earth-serax\\\/#primaryimage\",\"url\":\"https:\\\/\\\/www.movin-montecarlo.com\\\/wp-content\\\/uploads\\\/2026\\\/04\\\/POT-LID-BROWN-EARTH-SERAX.webp\",\"contentUrl\":\"https:\\\/\\\/www.movin-montecarlo.com\\\/wp-content\\\/uploads\\\/2026\\\/04\\\/POT-LID-BROWN-EARTH-SERAX.webp\",\"width\":1800,\"height\":1800,\"caption\":\"pot lid brown earth serax\"},{\"@type\":\"BreadcrumbList\",\"@id\":\"https:\\\/\\\/www.movin-montecarlo.com\\\/produit\\\/poubelle-brun-earth-serax\\\/#breadcrumb\",\"itemListElement\":[{\"@type\":\"ListItem\",\"position\":1,\"name\":\"Accueil\",\"item\":\"https:\\\/\\\/www.movin-montecarlo.com\\\/\"},{\"@type\":\"ListItem\",\"position\":2,\"name\":\"Products\",\"item\":\"https:\\\/\\\/www.movin-montecarlo.com\\\/eng\\\/boutique__trashed\\\/\"},{\"@type\":\"ListItem\",\"position\":3,\"name\":\"POUBELLE EARTH L\"}]},{\"@type\":\"WebSite\",\"@id\":\"https:\\\/\\\/www.movin-montecarlo.com\\\/#website\",\"url\":\"https:\\\/\\\/www.movin-montecarlo.com\\\/\",\"name\":\"Mov&#039;In Studio | Architecte d&#039;int\u00e9rieur\",\"description\":\"Nous g\u00e9rons votre projet public ou priv\u00e9 de A \u00e0 Z : plans, propositions 3D, administratifs, suivi de chantier, s\u00e9lection de la d\u00e9coration, du mobilier et des mat\u00e9riaux, livraison et installation. Un espace neuf ou \u00e0 r\u00e9nover, contactez-nous.\",\"publisher\":{\"@id\":\"https:\\\/\\\/www.movin-montecarlo.com\\\/#organization\"},\"potentialAction\":[{\"@type\":\"SearchAction\",\"target\":{\"@type\":\"EntryPoint\",\"urlTemplate\":\"https:\\\/\\\/www.movin-montecarlo.com\\\/?s={search_term_string}\"},\"query-input\":{\"@type\":\"PropertyValueSpecification\",\"valueRequired\":true,\"valueName\":\"search_term_string\"}}],\"inLanguage\":\"en-GB\"},{\"@type\":\"Organization\",\"@id\":\"https:\\\/\\\/www.movin-montecarlo.com\\\/#organization\",\"name\":\"movin\",\"url\":\"https:\\\/\\\/www.movin-montecarlo.com\\\/\",\"logo\":{\"@type\":\"ImageObject\",\"inLanguage\":\"en-GB\",\"@id\":\"https:\\\/\\\/www.movin-montecarlo.com\\\/#\\\/schema\\\/logo\\\/image\\\/\",\"url\":\"https:\\\/\\\/www.movin-montecarlo.com\\\/wp-content\\\/uploads\\\/2025\\\/02\\\/cropped-Fichier-39.png\",\"contentUrl\":\"https:\\\/\\\/www.movin-montecarlo.com\\\/wp-content\\\/uploads\\\/2025\\\/02\\\/cropped-Fichier-39.png\",\"width\":1275,\"height\":874,\"caption\":\"movin\"},\"image\":{\"@id\":\"https:\\\/\\\/www.movin-montecarlo.com\\\/#\\\/schema\\\/logo\\\/image\\\/\"},\"sameAs\":[\"https:\\\/\\\/www.instagram.com\\\/movinmonaco\\\/\"]}]}<\/script>\n<!-- \/ Yoast SEO plugin. -->","yoast_head_json":{"title":"SERAX I Marie Michielssen I POUBELLE EARTH L - Mov&#039;In Studio | Architecte d&#039;int\u00e9rieur","description":"Poubelle EARTH L | SERAX - Designer : Marie Michielssen - Mat\u00e9riau : Papier m\u00e2ch\u00e9 - Dimensions : L 46 x P 33 x H 49 cm. En exposition dans notre showroom.","robots":{"index":"index","follow":"follow","max-snippet":"max-snippet:-1","max-image-preview":"max-image-preview:large","max-video-preview":"max-video-preview:-1"},"canonical":"https:\/\/www.movin-montecarlo.com\/en\/product\/poubelle-brun-earth-serax\/","og_locale":"en_GB","og_type":"article","og_title":"SERAX I Marie Michielssen I POUBELLE EARTH L - Mov&#039;In Studio | Architecte d&#039;int\u00e9rieur","og_description":"Poubelle EARTH L | SERAX - Designer : Marie Michielssen - Mat\u00e9riau : Papier m\u00e2ch\u00e9 - Dimensions : L 46 x P 33 x H 49 cm. En exposition dans notre showroom.","og_url":"https:\/\/www.movin-montecarlo.com\/en\/product\/poubelle-brun-earth-serax\/","og_site_name":"Mov&#039;In Studio | Architecte d&#039;int\u00e9rieur","og_image":[{"width":1800,"height":1800,"url":"https:\/\/www.movin-montecarlo.com\/wp-content\/uploads\/2026\/04\/POT-LID-BROWN-EARTH-SERAX.webp","type":"image\/webp"}],"twitter_card":"summary_large_image","twitter_misc":{"Estimated reading time":"1 minute"},"schema":{"@context":"https:\/\/schema.org","@graph":[{"@type":"WebPage","@id":"https:\/\/www.movin-montecarlo.com\/produit\/poubelle-brun-earth-serax\/","url":"https:\/\/www.movin-montecarlo.com\/produit\/poubelle-brun-earth-serax\/","name":"SERAX I Marie Michielssen I POUBELLE EARTH L - Mov&#039;In Studio | Architecte d&#039;int\u00e9rieur","isPartOf":{"@id":"https:\/\/www.movin-montecarlo.com\/#website"},"primaryImageOfPage":{"@id":"https:\/\/www.movin-montecarlo.com\/produit\/poubelle-brun-earth-serax\/#primaryimage"},"image":{"@id":"https:\/\/www.movin-montecarlo.com\/produit\/poubelle-brun-earth-serax\/#primaryimage"},"thumbnailUrl":"https:\/\/www.movin-montecarlo.com\/wp-content\/uploads\/2026\/04\/POT-LID-BROWN-EARTH-SERAX.webp","datePublished":"2026-05-15T17:00:35+00:00","description":"Poubelle EARTH L | SERAX - Designer : Marie Michielssen - Mat\u00e9riau : Papier m\u00e2ch\u00e9 - Dimensions : L 46 x P 33 x H 49 cm. En exposition dans notre showroom.","breadcrumb":{"@id":"https:\/\/www.movin-montecarlo.com\/produit\/poubelle-brun-earth-serax\/#breadcrumb"},"inLanguage":"en-GB","potentialAction":[{"@type":"ReadAction","target":["https:\/\/www.movin-montecarlo.com\/produit\/poubelle-brun-earth-serax\/"]}]},{"@type":"ImageObject","inLanguage":"en-GB","@id":"https:\/\/www.movin-montecarlo.com\/produit\/poubelle-brun-earth-serax\/#primaryimage","url":"https:\/\/www.movin-montecarlo.com\/wp-content\/uploads\/2026\/04\/POT-LID-BROWN-EARTH-SERAX.webp","contentUrl":"https:\/\/www.movin-montecarlo.com\/wp-content\/uploads\/2026\/04\/POT-LID-BROWN-EARTH-SERAX.webp","width":1800,"height":1800,"caption":"pot lid brown earth serax"},{"@type":"BreadcrumbList","@id":"https:\/\/www.movin-montecarlo.com\/produit\/poubelle-brun-earth-serax\/#breadcrumb","itemListElement":[{"@type":"ListItem","position":1,"name":"Accueil","item":"https:\/\/www.movin-montecarlo.com\/"},{"@type":"ListItem","position":2,"name":"Products","item":"https:\/\/www.movin-montecarlo.com\/eng\/boutique__trashed\/"},{"@type":"ListItem","position":3,"name":"POUBELLE EARTH L"}]},{"@type":"WebSite","@id":"https:\/\/www.movin-montecarlo.com\/#website","url":"https:\/\/www.movin-montecarlo.com\/","name":"Mov'In Studio | Interior Architect","description":"We manage your public or private project from A to Z: plans, 3D proposals, administration, site supervision, selection of decoration, furniture and materials, delivery and installation. If you have a new space or a space to renovate, contact us.","publisher":{"@id":"https:\/\/www.movin-montecarlo.com\/#organization"},"potentialAction":[{"@type":"SearchAction","target":{"@type":"EntryPoint","urlTemplate":"https:\/\/www.movin-montecarlo.com\/?s={search_term_string}"},"query-input":{"@type":"PropertyValueSpecification","valueRequired":true,"valueName":"search_term_string"}}],"inLanguage":"en-GB"},{"@type":"Organization","@id":"https:\/\/www.movin-montecarlo.com\/#organization","name":"movin","url":"https:\/\/www.movin-montecarlo.com\/","logo":{"@type":"ImageObject","inLanguage":"en-GB","@id":"https:\/\/www.movin-montecarlo.com\/#\/schema\/logo\/image\/","url":"https:\/\/www.movin-montecarlo.com\/wp-content\/uploads\/2025\/02\/cropped-Fichier-39.png","contentUrl":"https:\/\/www.movin-montecarlo.com\/wp-content\/uploads\/2025\/02\/cropped-Fichier-39.png","width":1275,"height":874,"caption":"movin"},"image":{"@id":"https:\/\/www.movin-montecarlo.com\/#\/schema\/logo\/image\/"},"sameAs":["https:\/\/www.instagram.com\/movinmonaco\/"]}]}},"_links":{"self":[{"href":"https:\/\/www.movin-montecarlo.com\/en\/wp-json\/wp\/v2\/product\/9257","targetHints":{"allow":["GET"]}}],"collection":[{"href":"https:\/\/www.movin-montecarlo.com\/en\/wp-json\/wp\/v2\/product"}],"about":[{"href":"https:\/\/www.movin-montecarlo.com\/en\/wp-json\/wp\/v2\/types\/product"}],"version-history":[{"count":2,"href":"https:\/\/www.movin-montecarlo.com\/en\/wp-json\/wp\/v2\/product\/9257\/revisions"}],"predecessor-version":[{"id":9287,"href":"https:\/\/www.movin-montecarlo.com\/en\/wp-json\/wp\/v2\/product\/9257\/revisions\/9287"}],"wp:featuredmedia":[{"embeddable":true,"href":"https:\/\/www.movin-montecarlo.com\/en\/wp-json\/wp\/v2\/media\/9150"}],"wp:attachment":[{"href":"https:\/\/www.movin-montecarlo.com\/en\/wp-json\/wp\/v2\/media?parent=9257"}],"wp:term":[{"taxonomy":"product_brand","embeddable":true,"href":"https:\/\/www.movin-montecarlo.com\/en\/wp-json\/wp\/v2\/product_brand?post=9257"},{"taxonomy":"product_cat","embeddable":true,"href":"https:\/\/www.movin-montecarlo.com\/en\/wp-json\/wp\/v2\/product_cat?post=9257"},{"taxonomy":"product_tag","embeddable":true,"href":"https:\/\/www.movin-montecarlo.com\/en\/wp-json\/wp\/v2\/product_tag?post=9257"}],"curies":[{"name":"wp","href":"https:\/\/api.w.org\/{rel}","templated":true}]}}