{"id":6879,"date":"2024-01-11T20:23:27","date_gmt":"2024-01-11T19:23:27","guid":{"rendered":"https:\/\/www.movin-montecarlo.com\/?post_type=product&#038;p=6879"},"modified":"2026-04-03T15:19:06","modified_gmt":"2026-04-03T13:19:06","slug":"ventilateur-wind-l","status":"publish","type":"product","link":"https:\/\/www.movin-montecarlo.com\/en\/product\/ventilateur-wind-l\/","title":{"rendered":"WIND L FAN"},"content":{"rendered":"<p>Designer : Jasper Startup<\/p>\n<p class=\"p1\">Material: Table fan in braided tiger rush, galvanised steel grille.<\/p>\n<p>Dimensions : W 44 x D 60 x H 50 cm<\/p>\n<p class=\"p1\">Use outdoors only if protected.<br \/>\n220 Volt, 5 Watt power.<\/p>","protected":false},"excerpt":{"rendered":"<p>Designer : Jasper Startup Mat\u00e9riau : Ventilateur de table en jonc tigr\u00e9 tress\u00e9, grille en acier galvanis\u00e9. Dimensions : L 44 x P 60 x H 50 cm Utiliser \u00e0 l\u2019ext\u00e9rieur seulement si prot\u00e9g\u00e9s. 220 Volt, puissance 5 Watt.<\/p>","protected":false},"featured_media":4508,"template":"","meta":[],"product_brand":[],"product_cat":[25],"product_tag":[54],"class_list":{"0":"post-6879","1":"product","2":"type-product","3":"status-publish","4":"has-post-thumbnail","6":"product_cat-contemporain","7":"product_tag-gervasoni","9":"first","10":"outofstock","11":"taxable","12":"shipping-taxable","13":"purchasable","14":"product-type-simple"},"yoast_head":"<!-- This site is optimized with the Yoast SEO plugin v27.4 - https:\/\/yoast.com\/product\/yoast-seo-wordpress\/ -->\n<title>GERVASONI | VENTILATEUR WIND L - Mov&#039;In Studio | Architecte d&#039;int\u00e9rieur<\/title>\n<meta name=\"description\" content=\"D\u00e9couvrez le ventilateur Wind de GERVASONI - Jonc tigr\u00e9 tress\u00e9 et grille en acier galvanis\u00e9 - Taille S : L32 x P36 x H 32 cm \/ Taille L : L50 x P60 x H50 cm\" \/>\n<meta name=\"robots\" content=\"index, follow, max-snippet:-1, max-image-preview:large, max-video-preview:-1\" \/>\n<link rel=\"canonical\" href=\"https:\/\/www.movin-montecarlo.com\/en\/product\/ventilateur-wind-l\/\" \/>\n<meta property=\"og:locale\" content=\"en_GB\" \/>\n<meta property=\"og:type\" content=\"article\" \/>\n<meta property=\"og:title\" content=\"GERVASONI | VENTILATEUR WIND L - Mov&#039;In Studio | Architecte d&#039;int\u00e9rieur\" \/>\n<meta property=\"og:description\" content=\"D\u00e9couvrez le ventilateur Wind de GERVASONI - Jonc tigr\u00e9 tress\u00e9 et grille en acier galvanis\u00e9 - Taille S : L32 x P36 x H 32 cm \/ Taille L : L50 x P60 x H50 cm\" \/>\n<meta property=\"og:url\" content=\"https:\/\/www.movin-montecarlo.com\/en\/product\/ventilateur-wind-l\/\" \/>\n<meta property=\"og:site_name\" content=\"Mov&#039;In Studio | Architecte d&#039;int\u00e9rieur\" \/>\n<meta property=\"article:modified_time\" content=\"2026-04-03T13:19:06+00:00\" \/>\n<meta property=\"og:image\" content=\"https:\/\/www.movin-montecarlo.com\/wp-content\/uploads\/2023\/05\/WIND-VENTILATEUR-GERVASONI-L.jpg\" \/>\n\t<meta property=\"og:image:width\" content=\"1748\" \/>\n\t<meta property=\"og:image:height\" content=\"2480\" \/>\n\t<meta property=\"og:image:type\" content=\"image\/jpeg\" \/>\n<meta name=\"twitter:card\" content=\"summary_large_image\" \/>\n<meta name=\"twitter:label1\" content=\"Estimated reading time\" \/>\n\t<meta name=\"twitter:data1\" content=\"1 minute\" \/>\n<script type=\"application\/ld+json\" class=\"yoast-schema-graph\">{\"@context\":\"https:\\\/\\\/schema.org\",\"@graph\":[{\"@type\":\"WebPage\",\"@id\":\"https:\\\/\\\/www.movin-montecarlo.com\\\/produit\\\/ventilateur-wind-l\\\/\",\"url\":\"https:\\\/\\\/www.movin-montecarlo.com\\\/produit\\\/ventilateur-wind-l\\\/\",\"name\":\"GERVASONI | VENTILATEUR WIND L - Mov&#039;In Studio | Architecte d&#039;int\u00e9rieur\",\"isPartOf\":{\"@id\":\"https:\\\/\\\/www.movin-montecarlo.com\\\/#website\"},\"primaryImageOfPage\":{\"@id\":\"https:\\\/\\\/www.movin-montecarlo.com\\\/produit\\\/ventilateur-wind-l\\\/#primaryimage\"},\"image\":{\"@id\":\"https:\\\/\\\/www.movin-montecarlo.com\\\/produit\\\/ventilateur-wind-l\\\/#primaryimage\"},\"thumbnailUrl\":\"https:\\\/\\\/www.movin-montecarlo.com\\\/wp-content\\\/uploads\\\/2023\\\/05\\\/WIND-VENTILATEUR-GERVASONI-L.jpg\",\"datePublished\":\"2024-01-11T19:23:27+00:00\",\"dateModified\":\"2026-04-03T13:19:06+00:00\",\"description\":\"D\u00e9couvrez le ventilateur Wind de GERVASONI - Jonc tigr\u00e9 tress\u00e9 et grille en acier galvanis\u00e9 - Taille S : L32 x P36 x H 32 cm \\\/ Taille L : L50 x P60 x H50 cm\",\"breadcrumb\":{\"@id\":\"https:\\\/\\\/www.movin-montecarlo.com\\\/produit\\\/ventilateur-wind-l\\\/#breadcrumb\"},\"inLanguage\":\"en-GB\",\"potentialAction\":[{\"@type\":\"ReadAction\",\"target\":[\"https:\\\/\\\/www.movin-montecarlo.com\\\/produit\\\/ventilateur-wind-l\\\/\"]}]},{\"@type\":\"ImageObject\",\"inLanguage\":\"en-GB\",\"@id\":\"https:\\\/\\\/www.movin-montecarlo.com\\\/produit\\\/ventilateur-wind-l\\\/#primaryimage\",\"url\":\"https:\\\/\\\/www.movin-montecarlo.com\\\/wp-content\\\/uploads\\\/2023\\\/05\\\/WIND-VENTILATEUR-GERVASONI-L.jpg\",\"contentUrl\":\"https:\\\/\\\/www.movin-montecarlo.com\\\/wp-content\\\/uploads\\\/2023\\\/05\\\/WIND-VENTILATEUR-GERVASONI-L.jpg\",\"width\":1748,\"height\":2480,\"caption\":\"ventilateur wind L de Gervasoni d\u00e9tour\u00e9\"},{\"@type\":\"BreadcrumbList\",\"@id\":\"https:\\\/\\\/www.movin-montecarlo.com\\\/produit\\\/ventilateur-wind-l\\\/#breadcrumb\",\"itemListElement\":[{\"@type\":\"ListItem\",\"position\":1,\"name\":\"Accueil\",\"item\":\"https:\\\/\\\/www.movin-montecarlo.com\\\/\"},{\"@type\":\"ListItem\",\"position\":2,\"name\":\"Products\",\"item\":\"https:\\\/\\\/www.movin-montecarlo.com\\\/eng\\\/boutique__trashed\\\/\"},{\"@type\":\"ListItem\",\"position\":3,\"name\":\"VENTILATEUR WIND L\"}]},{\"@type\":\"WebSite\",\"@id\":\"https:\\\/\\\/www.movin-montecarlo.com\\\/#website\",\"url\":\"https:\\\/\\\/www.movin-montecarlo.com\\\/\",\"name\":\"Mov&#039;In Studio | Architecte d&#039;int\u00e9rieur\",\"description\":\"Nous g\u00e9rons votre projet public ou priv\u00e9 de A \u00e0 Z : plans, propositions 3D, administratifs, suivi de chantier, s\u00e9lection de la d\u00e9coration, du mobilier et des mat\u00e9riaux, livraison et installation. Un espace neuf ou \u00e0 r\u00e9nover, contactez-nous.\",\"publisher\":{\"@id\":\"https:\\\/\\\/www.movin-montecarlo.com\\\/#organization\"},\"potentialAction\":[{\"@type\":\"SearchAction\",\"target\":{\"@type\":\"EntryPoint\",\"urlTemplate\":\"https:\\\/\\\/www.movin-montecarlo.com\\\/?s={search_term_string}\"},\"query-input\":{\"@type\":\"PropertyValueSpecification\",\"valueRequired\":true,\"valueName\":\"search_term_string\"}}],\"inLanguage\":\"en-GB\"},{\"@type\":\"Organization\",\"@id\":\"https:\\\/\\\/www.movin-montecarlo.com\\\/#organization\",\"name\":\"movin\",\"url\":\"https:\\\/\\\/www.movin-montecarlo.com\\\/\",\"logo\":{\"@type\":\"ImageObject\",\"inLanguage\":\"en-GB\",\"@id\":\"https:\\\/\\\/www.movin-montecarlo.com\\\/#\\\/schema\\\/logo\\\/image\\\/\",\"url\":\"https:\\\/\\\/www.movin-montecarlo.com\\\/wp-content\\\/uploads\\\/2025\\\/02\\\/cropped-Fichier-39.png\",\"contentUrl\":\"https:\\\/\\\/www.movin-montecarlo.com\\\/wp-content\\\/uploads\\\/2025\\\/02\\\/cropped-Fichier-39.png\",\"width\":1275,\"height\":874,\"caption\":\"movin\"},\"image\":{\"@id\":\"https:\\\/\\\/www.movin-montecarlo.com\\\/#\\\/schema\\\/logo\\\/image\\\/\"},\"sameAs\":[\"https:\\\/\\\/www.instagram.com\\\/movinmonaco\\\/\"]}]}<\/script>\n<!-- \/ Yoast SEO plugin. -->","yoast_head_json":{"title":"GERVASONI | VENTILATEUR WIND L - Mov&#039;In Studio | Architecte d&#039;int\u00e9rieur","description":"Discover the Wind fan by GERVASONI - Braided tiger cord and galvanised steel grille - Size S: W32 x D36 x H 32 cm \/ Size L: W50 x D60 x H50 cm","robots":{"index":"index","follow":"follow","max-snippet":"max-snippet:-1","max-image-preview":"max-image-preview:large","max-video-preview":"max-video-preview:-1"},"canonical":"https:\/\/www.movin-montecarlo.com\/en\/product\/ventilateur-wind-l\/","og_locale":"en_GB","og_type":"article","og_title":"GERVASONI | VENTILATEUR WIND L - Mov&#039;In Studio | Architecte d&#039;int\u00e9rieur","og_description":"D\u00e9couvrez le ventilateur Wind de GERVASONI - Jonc tigr\u00e9 tress\u00e9 et grille en acier galvanis\u00e9 - Taille S : L32 x P36 x H 32 cm \/ Taille L : L50 x P60 x H50 cm","og_url":"https:\/\/www.movin-montecarlo.com\/en\/product\/ventilateur-wind-l\/","og_site_name":"Mov&#039;In Studio | Architecte d&#039;int\u00e9rieur","article_modified_time":"2026-04-03T13:19:06+00:00","og_image":[{"width":1748,"height":2480,"url":"https:\/\/www.movin-montecarlo.com\/wp-content\/uploads\/2023\/05\/WIND-VENTILATEUR-GERVASONI-L.jpg","type":"image\/jpeg"}],"twitter_card":"summary_large_image","twitter_misc":{"Estimated reading time":"1 minute"},"schema":{"@context":"https:\/\/schema.org","@graph":[{"@type":"WebPage","@id":"https:\/\/www.movin-montecarlo.com\/produit\/ventilateur-wind-l\/","url":"https:\/\/www.movin-montecarlo.com\/produit\/ventilateur-wind-l\/","name":"GERVASONI | VENTILATEUR WIND L - Mov&#039;In Studio | Architecte d&#039;int\u00e9rieur","isPartOf":{"@id":"https:\/\/www.movin-montecarlo.com\/#website"},"primaryImageOfPage":{"@id":"https:\/\/www.movin-montecarlo.com\/produit\/ventilateur-wind-l\/#primaryimage"},"image":{"@id":"https:\/\/www.movin-montecarlo.com\/produit\/ventilateur-wind-l\/#primaryimage"},"thumbnailUrl":"https:\/\/www.movin-montecarlo.com\/wp-content\/uploads\/2023\/05\/WIND-VENTILATEUR-GERVASONI-L.jpg","datePublished":"2024-01-11T19:23:27+00:00","dateModified":"2026-04-03T13:19:06+00:00","description":"Discover the Wind fan by GERVASONI - Braided tiger cord and galvanised steel grille - Size S: W32 x D36 x H 32 cm \/ Size L: W50 x D60 x H50 cm","breadcrumb":{"@id":"https:\/\/www.movin-montecarlo.com\/produit\/ventilateur-wind-l\/#breadcrumb"},"inLanguage":"en-GB","potentialAction":[{"@type":"ReadAction","target":["https:\/\/www.movin-montecarlo.com\/produit\/ventilateur-wind-l\/"]}]},{"@type":"ImageObject","inLanguage":"en-GB","@id":"https:\/\/www.movin-montecarlo.com\/produit\/ventilateur-wind-l\/#primaryimage","url":"https:\/\/www.movin-montecarlo.com\/wp-content\/uploads\/2023\/05\/WIND-VENTILATEUR-GERVASONI-L.jpg","contentUrl":"https:\/\/www.movin-montecarlo.com\/wp-content\/uploads\/2023\/05\/WIND-VENTILATEUR-GERVASONI-L.jpg","width":1748,"height":2480,"caption":"ventilateur wind L de Gervasoni d\u00e9tour\u00e9"},{"@type":"BreadcrumbList","@id":"https:\/\/www.movin-montecarlo.com\/produit\/ventilateur-wind-l\/#breadcrumb","itemListElement":[{"@type":"ListItem","position":1,"name":"Accueil","item":"https:\/\/www.movin-montecarlo.com\/"},{"@type":"ListItem","position":2,"name":"Products","item":"https:\/\/www.movin-montecarlo.com\/eng\/boutique__trashed\/"},{"@type":"ListItem","position":3,"name":"VENTILATEUR WIND L"}]},{"@type":"WebSite","@id":"https:\/\/www.movin-montecarlo.com\/#website","url":"https:\/\/www.movin-montecarlo.com\/","name":"Mov'In Studio | Interior Architect","description":"We manage your public or private project from A to Z: plans, 3D proposals, administration, site supervision, selection of decoration, furniture and materials, delivery and installation. If you have a new space or a space to renovate, contact us.","publisher":{"@id":"https:\/\/www.movin-montecarlo.com\/#organization"},"potentialAction":[{"@type":"SearchAction","target":{"@type":"EntryPoint","urlTemplate":"https:\/\/www.movin-montecarlo.com\/?s={search_term_string}"},"query-input":{"@type":"PropertyValueSpecification","valueRequired":true,"valueName":"search_term_string"}}],"inLanguage":"en-GB"},{"@type":"Organization","@id":"https:\/\/www.movin-montecarlo.com\/#organization","name":"movin","url":"https:\/\/www.movin-montecarlo.com\/","logo":{"@type":"ImageObject","inLanguage":"en-GB","@id":"https:\/\/www.movin-montecarlo.com\/#\/schema\/logo\/image\/","url":"https:\/\/www.movin-montecarlo.com\/wp-content\/uploads\/2025\/02\/cropped-Fichier-39.png","contentUrl":"https:\/\/www.movin-montecarlo.com\/wp-content\/uploads\/2025\/02\/cropped-Fichier-39.png","width":1275,"height":874,"caption":"movin"},"image":{"@id":"https:\/\/www.movin-montecarlo.com\/#\/schema\/logo\/image\/"},"sameAs":["https:\/\/www.instagram.com\/movinmonaco\/"]}]}},"_links":{"self":[{"href":"https:\/\/www.movin-montecarlo.com\/en\/wp-json\/wp\/v2\/product\/6879","targetHints":{"allow":["GET"]}}],"collection":[{"href":"https:\/\/www.movin-montecarlo.com\/en\/wp-json\/wp\/v2\/product"}],"about":[{"href":"https:\/\/www.movin-montecarlo.com\/en\/wp-json\/wp\/v2\/types\/product"}],"version-history":[{"count":5,"href":"https:\/\/www.movin-montecarlo.com\/en\/wp-json\/wp\/v2\/product\/6879\/revisions"}],"predecessor-version":[{"id":8723,"href":"https:\/\/www.movin-montecarlo.com\/en\/wp-json\/wp\/v2\/product\/6879\/revisions\/8723"}],"wp:featuredmedia":[{"embeddable":true,"href":"https:\/\/www.movin-montecarlo.com\/en\/wp-json\/wp\/v2\/media\/4508"}],"wp:attachment":[{"href":"https:\/\/www.movin-montecarlo.com\/en\/wp-json\/wp\/v2\/media?parent=6879"}],"wp:term":[{"taxonomy":"product_brand","embeddable":true,"href":"https:\/\/www.movin-montecarlo.com\/en\/wp-json\/wp\/v2\/product_brand?post=6879"},{"taxonomy":"product_cat","embeddable":true,"href":"https:\/\/www.movin-montecarlo.com\/en\/wp-json\/wp\/v2\/product_cat?post=6879"},{"taxonomy":"product_tag","embeddable":true,"href":"https:\/\/www.movin-montecarlo.com\/en\/wp-json\/wp\/v2\/product_tag?post=6879"}],"curies":[{"name":"wp","href":"https:\/\/api.w.org\/{rel}","templated":true}]}}