{"id":6575,"date":"2023-10-25T16:36:23","date_gmt":"2023-10-25T14:36:23","guid":{"rendered":"https:\/\/www.movin-montecarlo.com\/?post_type=product&#038;p=6575"},"modified":"2026-04-02T17:24:18","modified_gmt":"2026-04-02T15:24:18","slug":"parure-de-lit-nouvelle-vague-alexandre-turpault","status":"publish","type":"product","link":"https:\/\/www.movin-montecarlo.com\/en\/product\/parure-de-lit-nouvelle-vague-alexandre-turpault\/","title":{"rendered":"NOUVELLE VAGUE BED LINEN SET"},"content":{"rendered":"<p class=\"p1\">Material: 100% Linen<\/p>\n<p>Colours: Natural, Woody<\/p>\n<p>Duvet cover 240 x 220 cm - \u20ac 610<br \/>\nFlat sheet 270 x 300 cm - \u20ac 390<br \/>\nFitted Sheet - 160 x 200 cm - \u20ac 315<br \/>\nPillowcase 65 x 65 cm - \u20ac70<br \/>\nPillowcase 50 x 75 cm - \u20ac70<\/p>\n<p>Pillowcases are sold in packs of 2.<\/p>\n<p>Other colours available to order.<\/p>","protected":false},"excerpt":{"rendered":"<p>Mat\u00e9riau : 100% Lin Coloris : Naturel, Bois\u00e9 Housse de couette 240 x 220 cm \u2013 610 \u20ac Drap plat 270 x 300 cm \u2014 390 \u20ac Drap Housse \u2014 160 x 200 cm \u2013 315 \u20ac Taie d\u2019oreiller 65 x 65 cm \u2013 70 \u20ac Taie d\u2019oreiller 50 x 75 cm \u2013 70 \u20ac [&hellip;]<\/p>\n","protected":false},"featured_media":6585,"template":"","meta":[],"product_brand":[],"product_cat":[29],"product_tag":[57],"class_list":{"0":"post-6575","1":"product","2":"type-product","3":"status-publish","4":"has-post-thumbnail","6":"product_cat-draps-de-lit","7":"product_tag-alexandre-turpault","9":"first","10":"instock","11":"taxable","12":"shipping-taxable","13":"purchasable","14":"product-type-simple"},"yoast_head":"<!-- This site is optimized with the Yoast SEO plugin v27.4 - https:\/\/yoast.com\/product\/yoast-seo-wordpress\/ -->\n<title>ALEXANDRE TURPAULT | PARURE DE LIT NOUVELLE VAGUE - Mov&#039;In Studio | Architecte d&#039;int\u00e9rieur<\/title>\n<meta name=\"description\" content=\"D\u00e9couvrez la parure de lit Nouvelle Vague de chez Alexandre Turpault - 100% lin - Plusieurs coloris disponibles en ligne et en boutique.\" \/>\n<meta name=\"robots\" content=\"index, follow, max-snippet:-1, max-image-preview:large, max-video-preview:-1\" \/>\n<link rel=\"canonical\" href=\"https:\/\/www.movin-montecarlo.com\/en\/product\/parure-de-lit-nouvelle-vague-alexandre-turpault\/\" \/>\n<meta property=\"og:locale\" content=\"en_GB\" \/>\n<meta property=\"og:type\" content=\"article\" \/>\n<meta property=\"og:title\" content=\"ALEXANDRE TURPAULT | PARURE DE LIT NOUVELLE VAGUE - Mov&#039;In Studio | Architecte d&#039;int\u00e9rieur\" \/>\n<meta property=\"og:description\" content=\"D\u00e9couvrez la parure de lit Nouvelle Vague de chez Alexandre Turpault - 100% lin - Plusieurs coloris disponibles en ligne et en boutique.\" \/>\n<meta property=\"og:url\" content=\"https:\/\/www.movin-montecarlo.com\/en\/product\/parure-de-lit-nouvelle-vague-alexandre-turpault\/\" \/>\n<meta property=\"og:site_name\" content=\"Mov&#039;In Studio | Architecte d&#039;int\u00e9rieur\" \/>\n<meta property=\"article:modified_time\" content=\"2026-04-02T15:24:18+00:00\" \/>\n<meta property=\"og:image\" content=\"https:\/\/www.movin-montecarlo.com\/wp-content\/uploads\/2023\/10\/parure-lit-nouvelle-vague-alexandre-turpault-naturel.webp\" \/>\n\t<meta property=\"og:image:width\" content=\"1748\" \/>\n\t<meta property=\"og:image:height\" content=\"2480\" \/>\n\t<meta property=\"og:image:type\" content=\"image\/webp\" \/>\n<meta name=\"twitter:card\" content=\"summary_large_image\" \/>\n<meta name=\"twitter:label1\" content=\"Estimated reading time\" \/>\n\t<meta name=\"twitter:data1\" content=\"1 minute\" \/>\n<script type=\"application\/ld+json\" class=\"yoast-schema-graph\">{\"@context\":\"https:\\\/\\\/schema.org\",\"@graph\":[{\"@type\":\"WebPage\",\"@id\":\"https:\\\/\\\/www.movin-montecarlo.com\\\/produit\\\/parure-de-lit-nouvelle-vague-alexandre-turpault\\\/\",\"url\":\"https:\\\/\\\/www.movin-montecarlo.com\\\/produit\\\/parure-de-lit-nouvelle-vague-alexandre-turpault\\\/\",\"name\":\"ALEXANDRE TURPAULT | PARURE DE LIT NOUVELLE VAGUE - Mov&#039;In Studio | Architecte d&#039;int\u00e9rieur\",\"isPartOf\":{\"@id\":\"https:\\\/\\\/www.movin-montecarlo.com\\\/#website\"},\"primaryImageOfPage\":{\"@id\":\"https:\\\/\\\/www.movin-montecarlo.com\\\/produit\\\/parure-de-lit-nouvelle-vague-alexandre-turpault\\\/#primaryimage\"},\"image\":{\"@id\":\"https:\\\/\\\/www.movin-montecarlo.com\\\/produit\\\/parure-de-lit-nouvelle-vague-alexandre-turpault\\\/#primaryimage\"},\"thumbnailUrl\":\"https:\\\/\\\/www.movin-montecarlo.com\\\/wp-content\\\/uploads\\\/2023\\\/10\\\/parure-lit-nouvelle-vague-alexandre-turpault-naturel.webp\",\"datePublished\":\"2023-10-25T14:36:23+00:00\",\"dateModified\":\"2026-04-02T15:24:18+00:00\",\"description\":\"D\u00e9couvrez la parure de lit Nouvelle Vague de chez Alexandre Turpault - 100% lin - Plusieurs coloris disponibles en ligne et en boutique.\",\"breadcrumb\":{\"@id\":\"https:\\\/\\\/www.movin-montecarlo.com\\\/produit\\\/parure-de-lit-nouvelle-vague-alexandre-turpault\\\/#breadcrumb\"},\"inLanguage\":\"en-GB\",\"potentialAction\":[{\"@type\":\"ReadAction\",\"target\":[\"https:\\\/\\\/www.movin-montecarlo.com\\\/produit\\\/parure-de-lit-nouvelle-vague-alexandre-turpault\\\/\"]}]},{\"@type\":\"ImageObject\",\"inLanguage\":\"en-GB\",\"@id\":\"https:\\\/\\\/www.movin-montecarlo.com\\\/produit\\\/parure-de-lit-nouvelle-vague-alexandre-turpault\\\/#primaryimage\",\"url\":\"https:\\\/\\\/www.movin-montecarlo.com\\\/wp-content\\\/uploads\\\/2023\\\/10\\\/parure-lit-nouvelle-vague-alexandre-turpault-naturel.webp\",\"contentUrl\":\"https:\\\/\\\/www.movin-montecarlo.com\\\/wp-content\\\/uploads\\\/2023\\\/10\\\/parure-lit-nouvelle-vague-alexandre-turpault-naturel.webp\",\"width\":1748,\"height\":2480,\"caption\":\"Housse de couette Nouvelle Vague de chez Alexandre Turpault, coloris naturel\"},{\"@type\":\"BreadcrumbList\",\"@id\":\"https:\\\/\\\/www.movin-montecarlo.com\\\/produit\\\/parure-de-lit-nouvelle-vague-alexandre-turpault\\\/#breadcrumb\",\"itemListElement\":[{\"@type\":\"ListItem\",\"position\":1,\"name\":\"Accueil\",\"item\":\"https:\\\/\\\/www.movin-montecarlo.com\\\/\"},{\"@type\":\"ListItem\",\"position\":2,\"name\":\"Products\",\"item\":\"https:\\\/\\\/www.movin-montecarlo.com\\\/eng\\\/boutique__trashed\\\/\"},{\"@type\":\"ListItem\",\"position\":3,\"name\":\"PARURE DE LIT NOUVELLE VAGUE\"}]},{\"@type\":\"WebSite\",\"@id\":\"https:\\\/\\\/www.movin-montecarlo.com\\\/#website\",\"url\":\"https:\\\/\\\/www.movin-montecarlo.com\\\/\",\"name\":\"Mov&#039;In Studio | Architecte d&#039;int\u00e9rieur\",\"description\":\"Nous g\u00e9rons votre projet public ou priv\u00e9 de A \u00e0 Z : plans, propositions 3D, administratifs, suivi de chantier, s\u00e9lection de la d\u00e9coration, du mobilier et des mat\u00e9riaux, livraison et installation. Un espace neuf ou \u00e0 r\u00e9nover, contactez-nous.\",\"publisher\":{\"@id\":\"https:\\\/\\\/www.movin-montecarlo.com\\\/#organization\"},\"potentialAction\":[{\"@type\":\"SearchAction\",\"target\":{\"@type\":\"EntryPoint\",\"urlTemplate\":\"https:\\\/\\\/www.movin-montecarlo.com\\\/?s={search_term_string}\"},\"query-input\":{\"@type\":\"PropertyValueSpecification\",\"valueRequired\":true,\"valueName\":\"search_term_string\"}}],\"inLanguage\":\"en-GB\"},{\"@type\":\"Organization\",\"@id\":\"https:\\\/\\\/www.movin-montecarlo.com\\\/#organization\",\"name\":\"movin\",\"url\":\"https:\\\/\\\/www.movin-montecarlo.com\\\/\",\"logo\":{\"@type\":\"ImageObject\",\"inLanguage\":\"en-GB\",\"@id\":\"https:\\\/\\\/www.movin-montecarlo.com\\\/#\\\/schema\\\/logo\\\/image\\\/\",\"url\":\"https:\\\/\\\/www.movin-montecarlo.com\\\/wp-content\\\/uploads\\\/2025\\\/02\\\/cropped-Fichier-39.png\",\"contentUrl\":\"https:\\\/\\\/www.movin-montecarlo.com\\\/wp-content\\\/uploads\\\/2025\\\/02\\\/cropped-Fichier-39.png\",\"width\":1275,\"height\":874,\"caption\":\"movin\"},\"image\":{\"@id\":\"https:\\\/\\\/www.movin-montecarlo.com\\\/#\\\/schema\\\/logo\\\/image\\\/\"},\"sameAs\":[\"https:\\\/\\\/www.instagram.com\\\/movinmonaco\\\/\"]}]}<\/script>\n<!-- \/ Yoast SEO plugin. -->","yoast_head_json":{"title":"ALEXANDRE TURPAULT | PARURE DE LIT NOUVELLE VAGUE - Mov&#039;In Studio | Architecte d&#039;int\u00e9rieur","description":"D\u00e9couvrez la parure de lit Nouvelle Vague de chez Alexandre Turpault - 100% lin - Plusieurs coloris disponibles en ligne et en boutique.","robots":{"index":"index","follow":"follow","max-snippet":"max-snippet:-1","max-image-preview":"max-image-preview:large","max-video-preview":"max-video-preview:-1"},"canonical":"https:\/\/www.movin-montecarlo.com\/en\/product\/parure-de-lit-nouvelle-vague-alexandre-turpault\/","og_locale":"en_GB","og_type":"article","og_title":"ALEXANDRE TURPAULT | PARURE DE LIT NOUVELLE VAGUE - Mov&#039;In Studio | Architecte d&#039;int\u00e9rieur","og_description":"D\u00e9couvrez la parure de lit Nouvelle Vague de chez Alexandre Turpault - 100% lin - Plusieurs coloris disponibles en ligne et en boutique.","og_url":"https:\/\/www.movin-montecarlo.com\/en\/product\/parure-de-lit-nouvelle-vague-alexandre-turpault\/","og_site_name":"Mov&#039;In Studio | Architecte d&#039;int\u00e9rieur","article_modified_time":"2026-04-02T15:24:18+00:00","og_image":[{"width":1748,"height":2480,"url":"https:\/\/www.movin-montecarlo.com\/wp-content\/uploads\/2023\/10\/parure-lit-nouvelle-vague-alexandre-turpault-naturel.webp","type":"image\/webp"}],"twitter_card":"summary_large_image","twitter_misc":{"Estimated reading time":"1 minute"},"schema":{"@context":"https:\/\/schema.org","@graph":[{"@type":"WebPage","@id":"https:\/\/www.movin-montecarlo.com\/produit\/parure-de-lit-nouvelle-vague-alexandre-turpault\/","url":"https:\/\/www.movin-montecarlo.com\/produit\/parure-de-lit-nouvelle-vague-alexandre-turpault\/","name":"ALEXANDRE TURPAULT | PARURE DE LIT NOUVELLE VAGUE - Mov&#039;In Studio | Architecte d&#039;int\u00e9rieur","isPartOf":{"@id":"https:\/\/www.movin-montecarlo.com\/#website"},"primaryImageOfPage":{"@id":"https:\/\/www.movin-montecarlo.com\/produit\/parure-de-lit-nouvelle-vague-alexandre-turpault\/#primaryimage"},"image":{"@id":"https:\/\/www.movin-montecarlo.com\/produit\/parure-de-lit-nouvelle-vague-alexandre-turpault\/#primaryimage"},"thumbnailUrl":"https:\/\/www.movin-montecarlo.com\/wp-content\/uploads\/2023\/10\/parure-lit-nouvelle-vague-alexandre-turpault-naturel.webp","datePublished":"2023-10-25T14:36:23+00:00","dateModified":"2026-04-02T15:24:18+00:00","description":"D\u00e9couvrez la parure de lit Nouvelle Vague de chez Alexandre Turpault - 100% lin - Plusieurs coloris disponibles en ligne et en boutique.","breadcrumb":{"@id":"https:\/\/www.movin-montecarlo.com\/produit\/parure-de-lit-nouvelle-vague-alexandre-turpault\/#breadcrumb"},"inLanguage":"en-GB","potentialAction":[{"@type":"ReadAction","target":["https:\/\/www.movin-montecarlo.com\/produit\/parure-de-lit-nouvelle-vague-alexandre-turpault\/"]}]},{"@type":"ImageObject","inLanguage":"en-GB","@id":"https:\/\/www.movin-montecarlo.com\/produit\/parure-de-lit-nouvelle-vague-alexandre-turpault\/#primaryimage","url":"https:\/\/www.movin-montecarlo.com\/wp-content\/uploads\/2023\/10\/parure-lit-nouvelle-vague-alexandre-turpault-naturel.webp","contentUrl":"https:\/\/www.movin-montecarlo.com\/wp-content\/uploads\/2023\/10\/parure-lit-nouvelle-vague-alexandre-turpault-naturel.webp","width":1748,"height":2480,"caption":"Housse de couette Nouvelle Vague de chez Alexandre Turpault, coloris naturel"},{"@type":"BreadcrumbList","@id":"https:\/\/www.movin-montecarlo.com\/produit\/parure-de-lit-nouvelle-vague-alexandre-turpault\/#breadcrumb","itemListElement":[{"@type":"ListItem","position":1,"name":"Accueil","item":"https:\/\/www.movin-montecarlo.com\/"},{"@type":"ListItem","position":2,"name":"Products","item":"https:\/\/www.movin-montecarlo.com\/eng\/boutique__trashed\/"},{"@type":"ListItem","position":3,"name":"PARURE DE LIT NOUVELLE VAGUE"}]},{"@type":"WebSite","@id":"https:\/\/www.movin-montecarlo.com\/#website","url":"https:\/\/www.movin-montecarlo.com\/","name":"Mov'In Studio | Interior Architect","description":"We manage your public or private project from A to Z: plans, 3D proposals, administration, site supervision, selection of decoration, furniture and materials, delivery and installation. If you have a new space or a space to renovate, contact us.","publisher":{"@id":"https:\/\/www.movin-montecarlo.com\/#organization"},"potentialAction":[{"@type":"SearchAction","target":{"@type":"EntryPoint","urlTemplate":"https:\/\/www.movin-montecarlo.com\/?s={search_term_string}"},"query-input":{"@type":"PropertyValueSpecification","valueRequired":true,"valueName":"search_term_string"}}],"inLanguage":"en-GB"},{"@type":"Organization","@id":"https:\/\/www.movin-montecarlo.com\/#organization","name":"movin","url":"https:\/\/www.movin-montecarlo.com\/","logo":{"@type":"ImageObject","inLanguage":"en-GB","@id":"https:\/\/www.movin-montecarlo.com\/#\/schema\/logo\/image\/","url":"https:\/\/www.movin-montecarlo.com\/wp-content\/uploads\/2025\/02\/cropped-Fichier-39.png","contentUrl":"https:\/\/www.movin-montecarlo.com\/wp-content\/uploads\/2025\/02\/cropped-Fichier-39.png","width":1275,"height":874,"caption":"movin"},"image":{"@id":"https:\/\/www.movin-montecarlo.com\/#\/schema\/logo\/image\/"},"sameAs":["https:\/\/www.instagram.com\/movinmonaco\/"]}]}},"_links":{"self":[{"href":"https:\/\/www.movin-montecarlo.com\/en\/wp-json\/wp\/v2\/product\/6575","targetHints":{"allow":["GET"]}}],"collection":[{"href":"https:\/\/www.movin-montecarlo.com\/en\/wp-json\/wp\/v2\/product"}],"about":[{"href":"https:\/\/www.movin-montecarlo.com\/en\/wp-json\/wp\/v2\/types\/product"}],"version-history":[{"count":6,"href":"https:\/\/www.movin-montecarlo.com\/en\/wp-json\/wp\/v2\/product\/6575\/revisions"}],"predecessor-version":[{"id":8648,"href":"https:\/\/www.movin-montecarlo.com\/en\/wp-json\/wp\/v2\/product\/6575\/revisions\/8648"}],"wp:featuredmedia":[{"embeddable":true,"href":"https:\/\/www.movin-montecarlo.com\/en\/wp-json\/wp\/v2\/media\/6585"}],"wp:attachment":[{"href":"https:\/\/www.movin-montecarlo.com\/en\/wp-json\/wp\/v2\/media?parent=6575"}],"wp:term":[{"taxonomy":"product_brand","embeddable":true,"href":"https:\/\/www.movin-montecarlo.com\/en\/wp-json\/wp\/v2\/product_brand?post=6575"},{"taxonomy":"product_cat","embeddable":true,"href":"https:\/\/www.movin-montecarlo.com\/en\/wp-json\/wp\/v2\/product_cat?post=6575"},{"taxonomy":"product_tag","embeddable":true,"href":"https:\/\/www.movin-montecarlo.com\/en\/wp-json\/wp\/v2\/product_tag?post=6575"}],"curies":[{"name":"wp","href":"https:\/\/api.w.org\/{rel}","templated":true}]}}