{"id":5621,"date":"2023-06-27T21:07:57","date_gmt":"2023-06-27T19:07:57","guid":{"rendered":"https:\/\/www.movin-montecarlo.com\/?post_type=product&#038;p=5621"},"modified":"2026-04-03T18:01:13","modified_gmt":"2026-04-03T16:01:13","slug":"parure-lit-maison-de-vacances","status":"publish","type":"product","link":"https:\/\/www.movin-montecarlo.com\/en\/product\/parure-lit-maison-de-vacances\/","title":{"rendered":"BOHO BED LINEN"},"content":{"rendered":"<p>Colours: White, Ecru, Nude, Doe<\/p>\n<p>Duvet cover 240 x 220 cm - \u20ac480<br \/>\nor duvet cover 260 x 240 cm - \u20ac 555<br \/>\nPillowcase 65 x 65 cm - \u20ac60<br \/>\nPillowcase 50 x 70 cm - \u20ac55<br \/>\nFlat sheet 240 x 310 cm - \u20ac300<br \/>\nor flat sheet 280 x 310 cm - \u20ac 345<\/p>\n<p>Pillowcases are sold in packs of 2.<\/p>\n<p>&nbsp;<\/p>\n<form id=\"buy_block\" action=\"https:\/\/www.celinewright.com\/fr\/panier\" method=\"post\">\n<div class=\"box-info-product\">\n<div class=\"product_attributes clearfix\">\n<div id=\"attributes\">\n<div class=\"clearfix\"><\/div>\n<\/div>\n<\/div>\n<\/div>\n<\/form>\n<p><strong>In stock<\/strong><\/p>","protected":false},"excerpt":{"rendered":"<p>Coloris : Blanc, \u00c9cru, Nude, Biche Housse de couette 240 x 220 cm &#8211; 480 \u20ac ou housse de couette 260 x 240 cm &#8211; 555 \u20ac Taie d&rsquo;oreiller 65 x 65 cm &#8211; 60 \u20ac Taie d&rsquo;oreiller 50 x 70 cm &#8211; 55 \u20ac Drap plat\u00a0 240 x 310 cm &#8211; 300 \u20ac ou [&hellip;]<\/p>\n","protected":false},"featured_media":5623,"template":"","meta":[],"product_brand":[],"product_cat":[29],"product_tag":[165],"class_list":{"0":"post-5621","1":"product","2":"type-product","3":"status-publish","4":"has-post-thumbnail","6":"product_cat-draps-de-lit","7":"product_tag-maison-de-vacances","9":"first","10":"instock","11":"taxable","12":"shipping-taxable","13":"purchasable","14":"product-type-simple"},"yoast_head":"<!-- This site is optimized with the Yoast SEO plugin v27.4 - https:\/\/yoast.com\/product\/yoast-seo-wordpress\/ -->\n<title>MAISON DE VACANCES, LINGE DE LIT BOHO<\/title>\n<meta name=\"description\" content=\"D\u00e9couvrez la parure de lit de Maison de Vacances - Comprend housse de couette, drap, taies d&#039;oreiller 50x70cm et 65x65cm - Disponible en plusieurs coloris.\" \/>\n<meta name=\"robots\" content=\"index, follow, max-snippet:-1, max-image-preview:large, max-video-preview:-1\" \/>\n<link rel=\"canonical\" href=\"https:\/\/www.movin-montecarlo.com\/en\/product\/parure-lit-maison-de-vacances\/\" \/>\n<meta property=\"og:locale\" content=\"en_GB\" \/>\n<meta property=\"og:type\" content=\"article\" \/>\n<meta property=\"og:title\" content=\"MAISON DE VACANCES, LINGE DE LIT BOHO\" \/>\n<meta property=\"og:description\" content=\"D\u00e9couvrez la parure de lit de Maison de Vacances - Comprend housse de couette, drap, taies d&#039;oreiller 50x70cm et 65x65cm - Disponible en plusieurs coloris.\" \/>\n<meta property=\"og:url\" content=\"https:\/\/www.movin-montecarlo.com\/en\/product\/parure-lit-maison-de-vacances\/\" \/>\n<meta property=\"og:site_name\" content=\"Mov&#039;In Studio | Architecte d&#039;int\u00e9rieur\" \/>\n<meta property=\"article:modified_time\" content=\"2026-04-03T16:01:13+00:00\" \/>\n<meta property=\"og:image\" content=\"https:\/\/www.movin-montecarlo.com\/wp-content\/uploads\/2023\/06\/LINGE-DE-LIT-BOHO-BLANC.jpg\" \/>\n\t<meta property=\"og:image:width\" content=\"1748\" \/>\n\t<meta property=\"og:image:height\" content=\"2480\" \/>\n\t<meta property=\"og:image:type\" content=\"image\/jpeg\" \/>\n<meta name=\"twitter:card\" content=\"summary_large_image\" \/>\n<meta name=\"twitter:label1\" content=\"Estimated reading time\" \/>\n\t<meta name=\"twitter:data1\" content=\"1 minute\" \/>\n<script type=\"application\/ld+json\" class=\"yoast-schema-graph\">{\"@context\":\"https:\\\/\\\/schema.org\",\"@graph\":[{\"@type\":\"WebPage\",\"@id\":\"https:\\\/\\\/www.movin-montecarlo.com\\\/produit\\\/parure-lit-maison-de-vacances\\\/\",\"url\":\"https:\\\/\\\/www.movin-montecarlo.com\\\/produit\\\/parure-lit-maison-de-vacances\\\/\",\"name\":\"MAISON DE VACANCES, LINGE DE LIT BOHO\",\"isPartOf\":{\"@id\":\"https:\\\/\\\/www.movin-montecarlo.com\\\/#website\"},\"primaryImageOfPage\":{\"@id\":\"https:\\\/\\\/www.movin-montecarlo.com\\\/produit\\\/parure-lit-maison-de-vacances\\\/#primaryimage\"},\"image\":{\"@id\":\"https:\\\/\\\/www.movin-montecarlo.com\\\/produit\\\/parure-lit-maison-de-vacances\\\/#primaryimage\"},\"thumbnailUrl\":\"https:\\\/\\\/www.movin-montecarlo.com\\\/wp-content\\\/uploads\\\/2023\\\/06\\\/LINGE-DE-LIT-BOHO-BLANC.jpg\",\"datePublished\":\"2023-06-27T19:07:57+00:00\",\"dateModified\":\"2026-04-03T16:01:13+00:00\",\"description\":\"D\u00e9couvrez la parure de lit de Maison de Vacances - Comprend housse de couette, drap, taies d'oreiller 50x70cm et 65x65cm - Disponible en plusieurs coloris.\",\"breadcrumb\":{\"@id\":\"https:\\\/\\\/www.movin-montecarlo.com\\\/produit\\\/parure-lit-maison-de-vacances\\\/#breadcrumb\"},\"inLanguage\":\"en-GB\",\"potentialAction\":[{\"@type\":\"ReadAction\",\"target\":[\"https:\\\/\\\/www.movin-montecarlo.com\\\/produit\\\/parure-lit-maison-de-vacances\\\/\"]}]},{\"@type\":\"ImageObject\",\"inLanguage\":\"en-GB\",\"@id\":\"https:\\\/\\\/www.movin-montecarlo.com\\\/produit\\\/parure-lit-maison-de-vacances\\\/#primaryimage\",\"url\":\"https:\\\/\\\/www.movin-montecarlo.com\\\/wp-content\\\/uploads\\\/2023\\\/06\\\/LINGE-DE-LIT-BOHO-BLANC.jpg\",\"contentUrl\":\"https:\\\/\\\/www.movin-montecarlo.com\\\/wp-content\\\/uploads\\\/2023\\\/06\\\/LINGE-DE-LIT-BOHO-BLANC.jpg\",\"width\":1748,\"height\":2480,\"caption\":\"Linge de lit boho de Maison de vacances blanc\"},{\"@type\":\"BreadcrumbList\",\"@id\":\"https:\\\/\\\/www.movin-montecarlo.com\\\/produit\\\/parure-lit-maison-de-vacances\\\/#breadcrumb\",\"itemListElement\":[{\"@type\":\"ListItem\",\"position\":1,\"name\":\"Accueil\",\"item\":\"https:\\\/\\\/www.movin-montecarlo.com\\\/\"},{\"@type\":\"ListItem\",\"position\":2,\"name\":\"Products\",\"item\":\"https:\\\/\\\/www.movin-montecarlo.com\\\/eng\\\/boutique__trashed\\\/\"},{\"@type\":\"ListItem\",\"position\":3,\"name\":\"LINGE DE LIT BOHO\"}]},{\"@type\":\"WebSite\",\"@id\":\"https:\\\/\\\/www.movin-montecarlo.com\\\/#website\",\"url\":\"https:\\\/\\\/www.movin-montecarlo.com\\\/\",\"name\":\"Mov&#039;In Studio | Architecte d&#039;int\u00e9rieur\",\"description\":\"Nous g\u00e9rons votre projet public ou priv\u00e9 de A \u00e0 Z : plans, propositions 3D, administratifs, suivi de chantier, s\u00e9lection de la d\u00e9coration, du mobilier et des mat\u00e9riaux, livraison et installation. Un espace neuf ou \u00e0 r\u00e9nover, contactez-nous.\",\"publisher\":{\"@id\":\"https:\\\/\\\/www.movin-montecarlo.com\\\/#organization\"},\"potentialAction\":[{\"@type\":\"SearchAction\",\"target\":{\"@type\":\"EntryPoint\",\"urlTemplate\":\"https:\\\/\\\/www.movin-montecarlo.com\\\/?s={search_term_string}\"},\"query-input\":{\"@type\":\"PropertyValueSpecification\",\"valueRequired\":true,\"valueName\":\"search_term_string\"}}],\"inLanguage\":\"en-GB\"},{\"@type\":\"Organization\",\"@id\":\"https:\\\/\\\/www.movin-montecarlo.com\\\/#organization\",\"name\":\"movin\",\"url\":\"https:\\\/\\\/www.movin-montecarlo.com\\\/\",\"logo\":{\"@type\":\"ImageObject\",\"inLanguage\":\"en-GB\",\"@id\":\"https:\\\/\\\/www.movin-montecarlo.com\\\/#\\\/schema\\\/logo\\\/image\\\/\",\"url\":\"https:\\\/\\\/www.movin-montecarlo.com\\\/wp-content\\\/uploads\\\/2025\\\/02\\\/cropped-Fichier-39.png\",\"contentUrl\":\"https:\\\/\\\/www.movin-montecarlo.com\\\/wp-content\\\/uploads\\\/2025\\\/02\\\/cropped-Fichier-39.png\",\"width\":1275,\"height\":874,\"caption\":\"movin\"},\"image\":{\"@id\":\"https:\\\/\\\/www.movin-montecarlo.com\\\/#\\\/schema\\\/logo\\\/image\\\/\"},\"sameAs\":[\"https:\\\/\\\/www.instagram.com\\\/movinmonaco\\\/\"]}]}<\/script>\n<!-- \/ Yoast SEO plugin. -->","yoast_head_json":{"title":"MAISON DE VACANCES, LINGE DE LIT BOHO","description":"D\u00e9couvrez la parure de lit de Maison de Vacances - Comprend housse de couette, drap, taies d'oreiller 50x70cm et 65x65cm - Disponible en plusieurs coloris.","robots":{"index":"index","follow":"follow","max-snippet":"max-snippet:-1","max-image-preview":"max-image-preview:large","max-video-preview":"max-video-preview:-1"},"canonical":"https:\/\/www.movin-montecarlo.com\/en\/product\/parure-lit-maison-de-vacances\/","og_locale":"en_GB","og_type":"article","og_title":"MAISON DE VACANCES, LINGE DE LIT BOHO","og_description":"D\u00e9couvrez la parure de lit de Maison de Vacances - Comprend housse de couette, drap, taies d'oreiller 50x70cm et 65x65cm - Disponible en plusieurs coloris.","og_url":"https:\/\/www.movin-montecarlo.com\/en\/product\/parure-lit-maison-de-vacances\/","og_site_name":"Mov&#039;In Studio | Architecte d&#039;int\u00e9rieur","article_modified_time":"2026-04-03T16:01:13+00:00","og_image":[{"width":1748,"height":2480,"url":"https:\/\/www.movin-montecarlo.com\/wp-content\/uploads\/2023\/06\/LINGE-DE-LIT-BOHO-BLANC.jpg","type":"image\/jpeg"}],"twitter_card":"summary_large_image","twitter_misc":{"Estimated reading time":"1 minute"},"schema":{"@context":"https:\/\/schema.org","@graph":[{"@type":"WebPage","@id":"https:\/\/www.movin-montecarlo.com\/produit\/parure-lit-maison-de-vacances\/","url":"https:\/\/www.movin-montecarlo.com\/produit\/parure-lit-maison-de-vacances\/","name":"MAISON DE VACANCES, LINGE DE LIT BOHO","isPartOf":{"@id":"https:\/\/www.movin-montecarlo.com\/#website"},"primaryImageOfPage":{"@id":"https:\/\/www.movin-montecarlo.com\/produit\/parure-lit-maison-de-vacances\/#primaryimage"},"image":{"@id":"https:\/\/www.movin-montecarlo.com\/produit\/parure-lit-maison-de-vacances\/#primaryimage"},"thumbnailUrl":"https:\/\/www.movin-montecarlo.com\/wp-content\/uploads\/2023\/06\/LINGE-DE-LIT-BOHO-BLANC.jpg","datePublished":"2023-06-27T19:07:57+00:00","dateModified":"2026-04-03T16:01:13+00:00","description":"D\u00e9couvrez la parure de lit de Maison de Vacances - Comprend housse de couette, drap, taies d'oreiller 50x70cm et 65x65cm - Disponible en plusieurs coloris.","breadcrumb":{"@id":"https:\/\/www.movin-montecarlo.com\/produit\/parure-lit-maison-de-vacances\/#breadcrumb"},"inLanguage":"en-GB","potentialAction":[{"@type":"ReadAction","target":["https:\/\/www.movin-montecarlo.com\/produit\/parure-lit-maison-de-vacances\/"]}]},{"@type":"ImageObject","inLanguage":"en-GB","@id":"https:\/\/www.movin-montecarlo.com\/produit\/parure-lit-maison-de-vacances\/#primaryimage","url":"https:\/\/www.movin-montecarlo.com\/wp-content\/uploads\/2023\/06\/LINGE-DE-LIT-BOHO-BLANC.jpg","contentUrl":"https:\/\/www.movin-montecarlo.com\/wp-content\/uploads\/2023\/06\/LINGE-DE-LIT-BOHO-BLANC.jpg","width":1748,"height":2480,"caption":"Linge de lit boho de Maison de vacances blanc"},{"@type":"BreadcrumbList","@id":"https:\/\/www.movin-montecarlo.com\/produit\/parure-lit-maison-de-vacances\/#breadcrumb","itemListElement":[{"@type":"ListItem","position":1,"name":"Accueil","item":"https:\/\/www.movin-montecarlo.com\/"},{"@type":"ListItem","position":2,"name":"Products","item":"https:\/\/www.movin-montecarlo.com\/eng\/boutique__trashed\/"},{"@type":"ListItem","position":3,"name":"LINGE DE LIT BOHO"}]},{"@type":"WebSite","@id":"https:\/\/www.movin-montecarlo.com\/#website","url":"https:\/\/www.movin-montecarlo.com\/","name":"Mov'In Studio | Interior Architect","description":"We manage your public or private project from A to Z: plans, 3D proposals, administration, site supervision, selection of decoration, furniture and materials, delivery and installation. If you have a new space or a space to renovate, contact us.","publisher":{"@id":"https:\/\/www.movin-montecarlo.com\/#organization"},"potentialAction":[{"@type":"SearchAction","target":{"@type":"EntryPoint","urlTemplate":"https:\/\/www.movin-montecarlo.com\/?s={search_term_string}"},"query-input":{"@type":"PropertyValueSpecification","valueRequired":true,"valueName":"search_term_string"}}],"inLanguage":"en-GB"},{"@type":"Organization","@id":"https:\/\/www.movin-montecarlo.com\/#organization","name":"movin","url":"https:\/\/www.movin-montecarlo.com\/","logo":{"@type":"ImageObject","inLanguage":"en-GB","@id":"https:\/\/www.movin-montecarlo.com\/#\/schema\/logo\/image\/","url":"https:\/\/www.movin-montecarlo.com\/wp-content\/uploads\/2025\/02\/cropped-Fichier-39.png","contentUrl":"https:\/\/www.movin-montecarlo.com\/wp-content\/uploads\/2025\/02\/cropped-Fichier-39.png","width":1275,"height":874,"caption":"movin"},"image":{"@id":"https:\/\/www.movin-montecarlo.com\/#\/schema\/logo\/image\/"},"sameAs":["https:\/\/www.instagram.com\/movinmonaco\/"]}]}},"_links":{"self":[{"href":"https:\/\/www.movin-montecarlo.com\/en\/wp-json\/wp\/v2\/product\/5621","targetHints":{"allow":["GET"]}}],"collection":[{"href":"https:\/\/www.movin-montecarlo.com\/en\/wp-json\/wp\/v2\/product"}],"about":[{"href":"https:\/\/www.movin-montecarlo.com\/en\/wp-json\/wp\/v2\/types\/product"}],"version-history":[{"count":8,"href":"https:\/\/www.movin-montecarlo.com\/en\/wp-json\/wp\/v2\/product\/5621\/revisions"}],"predecessor-version":[{"id":8757,"href":"https:\/\/www.movin-montecarlo.com\/en\/wp-json\/wp\/v2\/product\/5621\/revisions\/8757"}],"wp:featuredmedia":[{"embeddable":true,"href":"https:\/\/www.movin-montecarlo.com\/en\/wp-json\/wp\/v2\/media\/5623"}],"wp:attachment":[{"href":"https:\/\/www.movin-montecarlo.com\/en\/wp-json\/wp\/v2\/media?parent=5621"}],"wp:term":[{"taxonomy":"product_brand","embeddable":true,"href":"https:\/\/www.movin-montecarlo.com\/en\/wp-json\/wp\/v2\/product_brand?post=5621"},{"taxonomy":"product_cat","embeddable":true,"href":"https:\/\/www.movin-montecarlo.com\/en\/wp-json\/wp\/v2\/product_cat?post=5621"},{"taxonomy":"product_tag","embeddable":true,"href":"https:\/\/www.movin-montecarlo.com\/en\/wp-json\/wp\/v2\/product_tag?post=5621"}],"curies":[{"name":"wp","href":"https:\/\/api.w.org\/{rel}","templated":true}]}}