{"id":4445,"date":"2023-05-12T14:11:28","date_gmt":"2023-05-12T12:11:28","guid":{"rendered":"https:\/\/www.movin-montecarlo.com\/?post_type=product&#038;p=4445"},"modified":"2026-04-07T18:21:45","modified_gmt":"2026-04-07T16:21:45","slug":"bolla-12-gueridon-gervasoni","status":"publish","type":"product","link":"https:\/\/www.movin-montecarlo.com\/en\/product\/bolla-12-gueridon-gervasoni\/","title":{"rendered":"BOLLA 12"},"content":{"rendered":"<p>Designer : Michael Sodeau<\/p>\n<p class=\"p1\">Mat\u00e9riau : Moelle de rotin<\/p>\n<p>Coloris : Naturelle<\/p>\n<p>Dimensions : Dia 40 x H 45 cm<\/p>\n<p>Autres coloris sur commande : laqu\u00e9 blanc mat, gris, noir, bleu oc\u00e9an ou taupe.<\/p>","protected":false},"excerpt":{"rendered":"<p>Designer : Michael Sodeau Mat\u00e9riau : Moelle de rotin Coloris : Naturelle Dimensions : Dia 40 x H 45 cm Autres coloris sur commande : laqu\u00e9 blanc mat, gris, noir, bleu oc\u00e9an ou taupe.<\/p>","protected":false},"featured_media":4454,"template":"","meta":[],"product_brand":[],"product_cat":[25],"product_tag":[54],"class_list":{"0":"post-4445","1":"product","2":"type-product","3":"status-publish","4":"has-post-thumbnail","6":"product_cat-contemporain","7":"product_tag-gervasoni","9":"first","10":"outofstock","11":"taxable","12":"shipping-taxable","13":"purchasable","14":"product-type-simple"},"yoast_head":"<!-- This site is optimized with the Yoast SEO plugin v27.4 - https:\/\/yoast.com\/product\/yoast-seo-wordpress\/ -->\n<title>GERVASONI | BOLLA 12 - Mov&#039;In Studio | Architecte d&#039;int\u00e9rieur<\/title>\n<meta name=\"description\" content=\"D\u00e9couvrez le gu\u00e9ridon Bolla 12 de GERVASONI - gu\u00e9ridon en moelle de rontin naturelle - Dimensions : DIA40 x H 45 cm - Disponible dans notre showroom.\" \/>\n<meta name=\"robots\" content=\"index, follow, max-snippet:-1, max-image-preview:large, max-video-preview:-1\" \/>\n<link rel=\"canonical\" href=\"https:\/\/www.movin-montecarlo.com\/en\/product\/bolla-12-gueridon-gervasoni\/\" \/>\n<meta property=\"og:locale\" content=\"en_GB\" \/>\n<meta property=\"og:type\" content=\"article\" \/>\n<meta property=\"og:title\" content=\"GERVASONI | BOLLA 12 - Mov&#039;In Studio | Architecte d&#039;int\u00e9rieur\" \/>\n<meta property=\"og:description\" content=\"D\u00e9couvrez le gu\u00e9ridon Bolla 12 de GERVASONI - gu\u00e9ridon en moelle de rontin naturelle - Dimensions : DIA40 x H 45 cm - Disponible dans notre showroom.\" \/>\n<meta property=\"og:url\" content=\"https:\/\/www.movin-montecarlo.com\/en\/product\/bolla-12-gueridon-gervasoni\/\" \/>\n<meta property=\"og:site_name\" content=\"Mov&#039;In Studio | Architecte d&#039;int\u00e9rieur\" \/>\n<meta property=\"article:modified_time\" content=\"2026-04-07T16:21:45+00:00\" \/>\n<meta property=\"og:image\" content=\"https:\/\/www.movin-montecarlo.com\/wp-content\/uploads\/2023\/05\/gervasoni-side-table-bell-bolla-corallo-bolla-12-michael-sodeau-south-hill-home-toronto-furniture.jpg\" \/>\n\t<meta property=\"og:image:width\" content=\"1748\" \/>\n\t<meta property=\"og:image:height\" content=\"2480\" \/>\n\t<meta property=\"og:image:type\" content=\"image\/jpeg\" \/>\n<meta name=\"twitter:card\" content=\"summary_large_image\" \/>\n<meta name=\"twitter:label1\" content=\"Estimated reading time\" \/>\n\t<meta name=\"twitter:data1\" content=\"1 minute\" \/>\n<script type=\"application\/ld+json\" class=\"yoast-schema-graph\">{\"@context\":\"https:\\\/\\\/schema.org\",\"@graph\":[{\"@type\":\"WebPage\",\"@id\":\"https:\\\/\\\/www.movin-montecarlo.com\\\/produit\\\/bolla-12-gueridon-gervasoni\\\/\",\"url\":\"https:\\\/\\\/www.movin-montecarlo.com\\\/produit\\\/bolla-12-gueridon-gervasoni\\\/\",\"name\":\"GERVASONI | BOLLA 12 - Mov&#039;In Studio | Architecte d&#039;int\u00e9rieur\",\"isPartOf\":{\"@id\":\"https:\\\/\\\/www.movin-montecarlo.com\\\/#website\"},\"primaryImageOfPage\":{\"@id\":\"https:\\\/\\\/www.movin-montecarlo.com\\\/produit\\\/bolla-12-gueridon-gervasoni\\\/#primaryimage\"},\"image\":{\"@id\":\"https:\\\/\\\/www.movin-montecarlo.com\\\/produit\\\/bolla-12-gueridon-gervasoni\\\/#primaryimage\"},\"thumbnailUrl\":\"https:\\\/\\\/www.movin-montecarlo.com\\\/wp-content\\\/uploads\\\/2023\\\/05\\\/gervasoni-side-table-bell-bolla-corallo-bolla-12-michael-sodeau-south-hill-home-toronto-furniture.jpg\",\"datePublished\":\"2023-05-12T12:11:28+00:00\",\"dateModified\":\"2026-04-07T16:21:45+00:00\",\"description\":\"D\u00e9couvrez le gu\u00e9ridon Bolla 12 de GERVASONI - gu\u00e9ridon en moelle de rontin naturelle - Dimensions : DIA40 x H 45 cm - Disponible dans notre showroom.\",\"breadcrumb\":{\"@id\":\"https:\\\/\\\/www.movin-montecarlo.com\\\/produit\\\/bolla-12-gueridon-gervasoni\\\/#breadcrumb\"},\"inLanguage\":\"en-GB\",\"potentialAction\":[{\"@type\":\"ReadAction\",\"target\":[\"https:\\\/\\\/www.movin-montecarlo.com\\\/produit\\\/bolla-12-gueridon-gervasoni\\\/\"]}]},{\"@type\":\"ImageObject\",\"inLanguage\":\"en-GB\",\"@id\":\"https:\\\/\\\/www.movin-montecarlo.com\\\/produit\\\/bolla-12-gueridon-gervasoni\\\/#primaryimage\",\"url\":\"https:\\\/\\\/www.movin-montecarlo.com\\\/wp-content\\\/uploads\\\/2023\\\/05\\\/gervasoni-side-table-bell-bolla-corallo-bolla-12-michael-sodeau-south-hill-home-toronto-furniture.jpg\",\"contentUrl\":\"https:\\\/\\\/www.movin-montecarlo.com\\\/wp-content\\\/uploads\\\/2023\\\/05\\\/gervasoni-side-table-bell-bolla-corallo-bolla-12-michael-sodeau-south-hill-home-toronto-furniture.jpg\",\"width\":1748,\"height\":2480,\"caption\":\"Tabouret Bolla 12 de Gervasoni en rotin naturelle\"},{\"@type\":\"BreadcrumbList\",\"@id\":\"https:\\\/\\\/www.movin-montecarlo.com\\\/produit\\\/bolla-12-gueridon-gervasoni\\\/#breadcrumb\",\"itemListElement\":[{\"@type\":\"ListItem\",\"position\":1,\"name\":\"Accueil\",\"item\":\"https:\\\/\\\/www.movin-montecarlo.com\\\/\"},{\"@type\":\"ListItem\",\"position\":2,\"name\":\"Products\",\"item\":\"https:\\\/\\\/www.movin-montecarlo.com\\\/eng\\\/boutique__trashed\\\/\"},{\"@type\":\"ListItem\",\"position\":3,\"name\":\"BOLLA 12\"}]},{\"@type\":\"WebSite\",\"@id\":\"https:\\\/\\\/www.movin-montecarlo.com\\\/#website\",\"url\":\"https:\\\/\\\/www.movin-montecarlo.com\\\/\",\"name\":\"Mov&#039;In Studio | Architecte d&#039;int\u00e9rieur\",\"description\":\"Nous g\u00e9rons votre projet public ou priv\u00e9 de A \u00e0 Z : plans, propositions 3D, administratifs, suivi de chantier, s\u00e9lection de la d\u00e9coration, du mobilier et des mat\u00e9riaux, livraison et installation. Un espace neuf ou \u00e0 r\u00e9nover, contactez-nous.\",\"publisher\":{\"@id\":\"https:\\\/\\\/www.movin-montecarlo.com\\\/#organization\"},\"potentialAction\":[{\"@type\":\"SearchAction\",\"target\":{\"@type\":\"EntryPoint\",\"urlTemplate\":\"https:\\\/\\\/www.movin-montecarlo.com\\\/?s={search_term_string}\"},\"query-input\":{\"@type\":\"PropertyValueSpecification\",\"valueRequired\":true,\"valueName\":\"search_term_string\"}}],\"inLanguage\":\"en-GB\"},{\"@type\":\"Organization\",\"@id\":\"https:\\\/\\\/www.movin-montecarlo.com\\\/#organization\",\"name\":\"movin\",\"url\":\"https:\\\/\\\/www.movin-montecarlo.com\\\/\",\"logo\":{\"@type\":\"ImageObject\",\"inLanguage\":\"en-GB\",\"@id\":\"https:\\\/\\\/www.movin-montecarlo.com\\\/#\\\/schema\\\/logo\\\/image\\\/\",\"url\":\"https:\\\/\\\/www.movin-montecarlo.com\\\/wp-content\\\/uploads\\\/2025\\\/02\\\/cropped-Fichier-39.png\",\"contentUrl\":\"https:\\\/\\\/www.movin-montecarlo.com\\\/wp-content\\\/uploads\\\/2025\\\/02\\\/cropped-Fichier-39.png\",\"width\":1275,\"height\":874,\"caption\":\"movin\"},\"image\":{\"@id\":\"https:\\\/\\\/www.movin-montecarlo.com\\\/#\\\/schema\\\/logo\\\/image\\\/\"},\"sameAs\":[\"https:\\\/\\\/www.instagram.com\\\/movinmonaco\\\/\"]}]}<\/script>\n<!-- \/ Yoast SEO plugin. -->","yoast_head_json":{"title":"GERVASONI | BOLLA 12 - Mov&#039;In Studio | Architecte d&#039;int\u00e9rieur","description":"D\u00e9couvrez le gu\u00e9ridon Bolla 12 de GERVASONI - gu\u00e9ridon en moelle de rontin naturelle - Dimensions : DIA40 x H 45 cm - Disponible dans notre showroom.","robots":{"index":"index","follow":"follow","max-snippet":"max-snippet:-1","max-image-preview":"max-image-preview:large","max-video-preview":"max-video-preview:-1"},"canonical":"https:\/\/www.movin-montecarlo.com\/en\/product\/bolla-12-gueridon-gervasoni\/","og_locale":"en_GB","og_type":"article","og_title":"GERVASONI | BOLLA 12 - Mov&#039;In Studio | Architecte d&#039;int\u00e9rieur","og_description":"D\u00e9couvrez le gu\u00e9ridon Bolla 12 de GERVASONI - gu\u00e9ridon en moelle de rontin naturelle - Dimensions : DIA40 x H 45 cm - Disponible dans notre showroom.","og_url":"https:\/\/www.movin-montecarlo.com\/en\/product\/bolla-12-gueridon-gervasoni\/","og_site_name":"Mov&#039;In Studio | Architecte d&#039;int\u00e9rieur","article_modified_time":"2026-04-07T16:21:45+00:00","og_image":[{"width":1748,"height":2480,"url":"https:\/\/www.movin-montecarlo.com\/wp-content\/uploads\/2023\/05\/gervasoni-side-table-bell-bolla-corallo-bolla-12-michael-sodeau-south-hill-home-toronto-furniture.jpg","type":"image\/jpeg"}],"twitter_card":"summary_large_image","twitter_misc":{"Estimated reading time":"1 minute"},"schema":{"@context":"https:\/\/schema.org","@graph":[{"@type":"WebPage","@id":"https:\/\/www.movin-montecarlo.com\/produit\/bolla-12-gueridon-gervasoni\/","url":"https:\/\/www.movin-montecarlo.com\/produit\/bolla-12-gueridon-gervasoni\/","name":"GERVASONI | BOLLA 12 - Mov&#039;In Studio | Architecte d&#039;int\u00e9rieur","isPartOf":{"@id":"https:\/\/www.movin-montecarlo.com\/#website"},"primaryImageOfPage":{"@id":"https:\/\/www.movin-montecarlo.com\/produit\/bolla-12-gueridon-gervasoni\/#primaryimage"},"image":{"@id":"https:\/\/www.movin-montecarlo.com\/produit\/bolla-12-gueridon-gervasoni\/#primaryimage"},"thumbnailUrl":"https:\/\/www.movin-montecarlo.com\/wp-content\/uploads\/2023\/05\/gervasoni-side-table-bell-bolla-corallo-bolla-12-michael-sodeau-south-hill-home-toronto-furniture.jpg","datePublished":"2023-05-12T12:11:28+00:00","dateModified":"2026-04-07T16:21:45+00:00","description":"D\u00e9couvrez le gu\u00e9ridon Bolla 12 de GERVASONI - gu\u00e9ridon en moelle de rontin naturelle - Dimensions : DIA40 x H 45 cm - Disponible dans notre showroom.","breadcrumb":{"@id":"https:\/\/www.movin-montecarlo.com\/produit\/bolla-12-gueridon-gervasoni\/#breadcrumb"},"inLanguage":"en-GB","potentialAction":[{"@type":"ReadAction","target":["https:\/\/www.movin-montecarlo.com\/produit\/bolla-12-gueridon-gervasoni\/"]}]},{"@type":"ImageObject","inLanguage":"en-GB","@id":"https:\/\/www.movin-montecarlo.com\/produit\/bolla-12-gueridon-gervasoni\/#primaryimage","url":"https:\/\/www.movin-montecarlo.com\/wp-content\/uploads\/2023\/05\/gervasoni-side-table-bell-bolla-corallo-bolla-12-michael-sodeau-south-hill-home-toronto-furniture.jpg","contentUrl":"https:\/\/www.movin-montecarlo.com\/wp-content\/uploads\/2023\/05\/gervasoni-side-table-bell-bolla-corallo-bolla-12-michael-sodeau-south-hill-home-toronto-furniture.jpg","width":1748,"height":2480,"caption":"Tabouret Bolla 12 de Gervasoni en rotin naturelle"},{"@type":"BreadcrumbList","@id":"https:\/\/www.movin-montecarlo.com\/produit\/bolla-12-gueridon-gervasoni\/#breadcrumb","itemListElement":[{"@type":"ListItem","position":1,"name":"Accueil","item":"https:\/\/www.movin-montecarlo.com\/"},{"@type":"ListItem","position":2,"name":"Products","item":"https:\/\/www.movin-montecarlo.com\/eng\/boutique__trashed\/"},{"@type":"ListItem","position":3,"name":"BOLLA 12"}]},{"@type":"WebSite","@id":"https:\/\/www.movin-montecarlo.com\/#website","url":"https:\/\/www.movin-montecarlo.com\/","name":"Mov'In Studio | Interior Architect","description":"We manage your public or private project from A to Z: plans, 3D proposals, administration, site supervision, selection of decoration, furniture and materials, delivery and installation. If you have a new space or a space to renovate, contact us.","publisher":{"@id":"https:\/\/www.movin-montecarlo.com\/#organization"},"potentialAction":[{"@type":"SearchAction","target":{"@type":"EntryPoint","urlTemplate":"https:\/\/www.movin-montecarlo.com\/?s={search_term_string}"},"query-input":{"@type":"PropertyValueSpecification","valueRequired":true,"valueName":"search_term_string"}}],"inLanguage":"en-GB"},{"@type":"Organization","@id":"https:\/\/www.movin-montecarlo.com\/#organization","name":"movin","url":"https:\/\/www.movin-montecarlo.com\/","logo":{"@type":"ImageObject","inLanguage":"en-GB","@id":"https:\/\/www.movin-montecarlo.com\/#\/schema\/logo\/image\/","url":"https:\/\/www.movin-montecarlo.com\/wp-content\/uploads\/2025\/02\/cropped-Fichier-39.png","contentUrl":"https:\/\/www.movin-montecarlo.com\/wp-content\/uploads\/2025\/02\/cropped-Fichier-39.png","width":1275,"height":874,"caption":"movin"},"image":{"@id":"https:\/\/www.movin-montecarlo.com\/#\/schema\/logo\/image\/"},"sameAs":["https:\/\/www.instagram.com\/movinmonaco\/"]}]}},"_links":{"self":[{"href":"https:\/\/www.movin-montecarlo.com\/en\/wp-json\/wp\/v2\/product\/4445","targetHints":{"allow":["GET"]}}],"collection":[{"href":"https:\/\/www.movin-montecarlo.com\/en\/wp-json\/wp\/v2\/product"}],"about":[{"href":"https:\/\/www.movin-montecarlo.com\/en\/wp-json\/wp\/v2\/types\/product"}],"version-history":[{"count":7,"href":"https:\/\/www.movin-montecarlo.com\/en\/wp-json\/wp\/v2\/product\/4445\/revisions"}],"predecessor-version":[{"id":8811,"href":"https:\/\/www.movin-montecarlo.com\/en\/wp-json\/wp\/v2\/product\/4445\/revisions\/8811"}],"wp:featuredmedia":[{"embeddable":true,"href":"https:\/\/www.movin-montecarlo.com\/en\/wp-json\/wp\/v2\/media\/4454"}],"wp:attachment":[{"href":"https:\/\/www.movin-montecarlo.com\/en\/wp-json\/wp\/v2\/media?parent=4445"}],"wp:term":[{"taxonomy":"product_brand","embeddable":true,"href":"https:\/\/www.movin-montecarlo.com\/en\/wp-json\/wp\/v2\/product_brand?post=4445"},{"taxonomy":"product_cat","embeddable":true,"href":"https:\/\/www.movin-montecarlo.com\/en\/wp-json\/wp\/v2\/product_cat?post=4445"},{"taxonomy":"product_tag","embeddable":true,"href":"https:\/\/www.movin-montecarlo.com\/en\/wp-json\/wp\/v2\/product_tag?post=4445"}],"curies":[{"name":"wp","href":"https:\/\/api.w.org\/{rel}","templated":true}]}}