{"id":4039,"date":"2023-04-26T16:41:26","date_gmt":"2023-04-26T14:41:26","guid":{"rendered":"https:\/\/www.movin-montecarlo.com\/?post_type=product&#038;p=4039"},"modified":"2026-04-03T18:07:13","modified_gmt":"2026-04-03T16:07:13","slug":"vase-wind-fire-serax","status":"publish","type":"product","link":"https:\/\/www.movin-montecarlo.com\/en\/product\/vase-wind-fire-serax\/","title":{"rendered":"WIND &amp; FIRE VASES"},"content":{"rendered":"<p>1 2 5 . 0 0 \u20ac<br \/>\n1 3 9 . 0 0 \u20ac<br \/>\n1 6 5 . 0 0 \u20ac<\/p>\n<p>Designer : Marie Michielssen<\/p>\n<p>Colours: Blue-Amber<\/p>\n<p class=\"p1\">Dimensions :<br \/>\nDia 18.5 x H 22 cm<br \/>\nDia 18.5 x H 27 cm<br \/>\nDia 18.5 x H 40 cm<\/p>","protected":false},"excerpt":{"rendered":"<p>1 2 5 . 0 0 \u20ac 1 3 9 . 0 0 \u20ac 1 6 5 . 0 0 \u20ac Designer : Marie Michielssen Coloris : Bleu-Ambre Dimensions : Dia 18.5 x H 22 cm Dia 18.5 x H 27 cm Dia 18.5 x H 40 cm<\/p>","protected":false},"featured_media":4040,"template":"","meta":[],"product_brand":[],"product_cat":[28],"product_tag":[49],"class_list":{"0":"post-4039","1":"product","2":"type-product","3":"status-publish","4":"has-post-thumbnail","6":"product_cat-accessoires","7":"product_tag-serax","9":"first","10":"outofstock","11":"taxable","12":"shipping-taxable","13":"product-type-simple"},"yoast_head":"<!-- This site is optimized with the Yoast SEO plugin v27.4 - https:\/\/yoast.com\/product\/yoast-seo-wordpress\/ -->\n<title>SERAX | VASES WIND &amp; FIRE - Mov&#039;In Studio | Architecte d&#039;int\u00e9rieur<\/title>\n<meta name=\"description\" content=\"Vases Wind &amp; Fire SERAX - Designer : Marie Michielssen - Verre en d\u00e9grad\u00e9 bleu et ambre - Dimensions : Dia18.5cm - 3 hauteurs disponibles.\" \/>\n<meta name=\"robots\" content=\"index, follow, max-snippet:-1, max-image-preview:large, max-video-preview:-1\" \/>\n<link rel=\"canonical\" href=\"https:\/\/www.movin-montecarlo.com\/en\/product\/vase-wind-fire-serax\/\" \/>\n<meta property=\"og:locale\" content=\"en_GB\" \/>\n<meta property=\"og:type\" content=\"article\" \/>\n<meta property=\"og:title\" content=\"SERAX | VASES WIND &amp; FIRE - Mov&#039;In Studio | Architecte d&#039;int\u00e9rieur\" \/>\n<meta property=\"og:description\" content=\"Vases Wind &amp; Fire SERAX - Designer : Marie Michielssen - Verre en d\u00e9grad\u00e9 bleu et ambre - Dimensions : Dia18.5cm - 3 hauteurs disponibles.\" \/>\n<meta property=\"og:url\" content=\"https:\/\/www.movin-montecarlo.com\/en\/product\/vase-wind-fire-serax\/\" \/>\n<meta property=\"og:site_name\" content=\"Mov&#039;In Studio | Architecte d&#039;int\u00e9rieur\" \/>\n<meta property=\"article:modified_time\" content=\"2026-04-03T16:07:13+00:00\" \/>\n<meta property=\"og:image\" content=\"https:\/\/www.movin-montecarlo.com\/wp-content\/uploads\/2023\/04\/serax-wind-and-fire-vases.jpg\" \/>\n\t<meta property=\"og:image:width\" content=\"1748\" \/>\n\t<meta property=\"og:image:height\" content=\"2480\" \/>\n\t<meta property=\"og:image:type\" content=\"image\/jpeg\" \/>\n<meta name=\"twitter:card\" content=\"summary_large_image\" \/>\n<meta name=\"twitter:label1\" content=\"Estimated reading time\" \/>\n\t<meta name=\"twitter:data1\" content=\"1 minute\" \/>\n<script type=\"application\/ld+json\" class=\"yoast-schema-graph\">{\"@context\":\"https:\\\/\\\/schema.org\",\"@graph\":[{\"@type\":\"WebPage\",\"@id\":\"https:\\\/\\\/www.movin-montecarlo.com\\\/produit\\\/vase-wind-fire-serax\\\/\",\"url\":\"https:\\\/\\\/www.movin-montecarlo.com\\\/produit\\\/vase-wind-fire-serax\\\/\",\"name\":\"SERAX | VASES WIND & FIRE - Mov&#039;In Studio | Architecte d&#039;int\u00e9rieur\",\"isPartOf\":{\"@id\":\"https:\\\/\\\/www.movin-montecarlo.com\\\/#website\"},\"primaryImageOfPage\":{\"@id\":\"https:\\\/\\\/www.movin-montecarlo.com\\\/produit\\\/vase-wind-fire-serax\\\/#primaryimage\"},\"image\":{\"@id\":\"https:\\\/\\\/www.movin-montecarlo.com\\\/produit\\\/vase-wind-fire-serax\\\/#primaryimage\"},\"thumbnailUrl\":\"https:\\\/\\\/www.movin-montecarlo.com\\\/wp-content\\\/uploads\\\/2023\\\/04\\\/serax-wind-and-fire-vases.jpg\",\"datePublished\":\"2023-04-26T14:41:26+00:00\",\"dateModified\":\"2026-04-03T16:07:13+00:00\",\"description\":\"Vases Wind & Fire SERAX - Designer : Marie Michielssen - Verre en d\u00e9grad\u00e9 bleu et ambre - Dimensions : Dia18.5cm - 3 hauteurs disponibles.\",\"breadcrumb\":{\"@id\":\"https:\\\/\\\/www.movin-montecarlo.com\\\/produit\\\/vase-wind-fire-serax\\\/#breadcrumb\"},\"inLanguage\":\"en-GB\",\"potentialAction\":[{\"@type\":\"ReadAction\",\"target\":[\"https:\\\/\\\/www.movin-montecarlo.com\\\/produit\\\/vase-wind-fire-serax\\\/\"]}]},{\"@type\":\"ImageObject\",\"inLanguage\":\"en-GB\",\"@id\":\"https:\\\/\\\/www.movin-montecarlo.com\\\/produit\\\/vase-wind-fire-serax\\\/#primaryimage\",\"url\":\"https:\\\/\\\/www.movin-montecarlo.com\\\/wp-content\\\/uploads\\\/2023\\\/04\\\/serax-wind-and-fire-vases.jpg\",\"contentUrl\":\"https:\\\/\\\/www.movin-montecarlo.com\\\/wp-content\\\/uploads\\\/2023\\\/04\\\/serax-wind-and-fire-vases.jpg\",\"width\":1748,\"height\":2480,\"caption\":\"Vases wind & fire de chez SERAX\"},{\"@type\":\"BreadcrumbList\",\"@id\":\"https:\\\/\\\/www.movin-montecarlo.com\\\/produit\\\/vase-wind-fire-serax\\\/#breadcrumb\",\"itemListElement\":[{\"@type\":\"ListItem\",\"position\":1,\"name\":\"Accueil\",\"item\":\"https:\\\/\\\/www.movin-montecarlo.com\\\/\"},{\"@type\":\"ListItem\",\"position\":2,\"name\":\"Products\",\"item\":\"https:\\\/\\\/www.movin-montecarlo.com\\\/eng\\\/boutique__trashed\\\/\"},{\"@type\":\"ListItem\",\"position\":3,\"name\":\"VASES WIND &#038; FIRE\"}]},{\"@type\":\"WebSite\",\"@id\":\"https:\\\/\\\/www.movin-montecarlo.com\\\/#website\",\"url\":\"https:\\\/\\\/www.movin-montecarlo.com\\\/\",\"name\":\"Mov&#039;In Studio | Architecte d&#039;int\u00e9rieur\",\"description\":\"Nous g\u00e9rons votre projet public ou priv\u00e9 de A \u00e0 Z : plans, propositions 3D, administratifs, suivi de chantier, s\u00e9lection de la d\u00e9coration, du mobilier et des mat\u00e9riaux, livraison et installation. Un espace neuf ou \u00e0 r\u00e9nover, contactez-nous.\",\"publisher\":{\"@id\":\"https:\\\/\\\/www.movin-montecarlo.com\\\/#organization\"},\"potentialAction\":[{\"@type\":\"SearchAction\",\"target\":{\"@type\":\"EntryPoint\",\"urlTemplate\":\"https:\\\/\\\/www.movin-montecarlo.com\\\/?s={search_term_string}\"},\"query-input\":{\"@type\":\"PropertyValueSpecification\",\"valueRequired\":true,\"valueName\":\"search_term_string\"}}],\"inLanguage\":\"en-GB\"},{\"@type\":\"Organization\",\"@id\":\"https:\\\/\\\/www.movin-montecarlo.com\\\/#organization\",\"name\":\"movin\",\"url\":\"https:\\\/\\\/www.movin-montecarlo.com\\\/\",\"logo\":{\"@type\":\"ImageObject\",\"inLanguage\":\"en-GB\",\"@id\":\"https:\\\/\\\/www.movin-montecarlo.com\\\/#\\\/schema\\\/logo\\\/image\\\/\",\"url\":\"https:\\\/\\\/www.movin-montecarlo.com\\\/wp-content\\\/uploads\\\/2025\\\/02\\\/cropped-Fichier-39.png\",\"contentUrl\":\"https:\\\/\\\/www.movin-montecarlo.com\\\/wp-content\\\/uploads\\\/2025\\\/02\\\/cropped-Fichier-39.png\",\"width\":1275,\"height\":874,\"caption\":\"movin\"},\"image\":{\"@id\":\"https:\\\/\\\/www.movin-montecarlo.com\\\/#\\\/schema\\\/logo\\\/image\\\/\"},\"sameAs\":[\"https:\\\/\\\/www.instagram.com\\\/movinmonaco\\\/\"]}]}<\/script>\n<!-- \/ Yoast SEO plugin. -->","yoast_head_json":{"title":"SERAX | VASES WIND & FIRE - Mov&#039;In Studio | Architecte d&#039;int\u00e9rieur","description":"Vases Wind & Fire SERAX - Designer : Marie Michielssen - Verre en d\u00e9grad\u00e9 bleu et ambre - Dimensions : Dia18.5cm - 3 hauteurs disponibles.","robots":{"index":"index","follow":"follow","max-snippet":"max-snippet:-1","max-image-preview":"max-image-preview:large","max-video-preview":"max-video-preview:-1"},"canonical":"https:\/\/www.movin-montecarlo.com\/en\/product\/vase-wind-fire-serax\/","og_locale":"en_GB","og_type":"article","og_title":"SERAX | VASES WIND & FIRE - Mov&#039;In Studio | Architecte d&#039;int\u00e9rieur","og_description":"Vases Wind & Fire SERAX - Designer : Marie Michielssen - Verre en d\u00e9grad\u00e9 bleu et ambre - Dimensions : Dia18.5cm - 3 hauteurs disponibles.","og_url":"https:\/\/www.movin-montecarlo.com\/en\/product\/vase-wind-fire-serax\/","og_site_name":"Mov&#039;In Studio | Architecte d&#039;int\u00e9rieur","article_modified_time":"2026-04-03T16:07:13+00:00","og_image":[{"width":1748,"height":2480,"url":"https:\/\/www.movin-montecarlo.com\/wp-content\/uploads\/2023\/04\/serax-wind-and-fire-vases.jpg","type":"image\/jpeg"}],"twitter_card":"summary_large_image","twitter_misc":{"Estimated reading time":"1 minute"},"schema":{"@context":"https:\/\/schema.org","@graph":[{"@type":"WebPage","@id":"https:\/\/www.movin-montecarlo.com\/produit\/vase-wind-fire-serax\/","url":"https:\/\/www.movin-montecarlo.com\/produit\/vase-wind-fire-serax\/","name":"SERAX | VASES WIND & FIRE - Mov&#039;In Studio | Architecte d&#039;int\u00e9rieur","isPartOf":{"@id":"https:\/\/www.movin-montecarlo.com\/#website"},"primaryImageOfPage":{"@id":"https:\/\/www.movin-montecarlo.com\/produit\/vase-wind-fire-serax\/#primaryimage"},"image":{"@id":"https:\/\/www.movin-montecarlo.com\/produit\/vase-wind-fire-serax\/#primaryimage"},"thumbnailUrl":"https:\/\/www.movin-montecarlo.com\/wp-content\/uploads\/2023\/04\/serax-wind-and-fire-vases.jpg","datePublished":"2023-04-26T14:41:26+00:00","dateModified":"2026-04-03T16:07:13+00:00","description":"Vases Wind & Fire SERAX - Designer : Marie Michielssen - Verre en d\u00e9grad\u00e9 bleu et ambre - Dimensions : Dia18.5cm - 3 hauteurs disponibles.","breadcrumb":{"@id":"https:\/\/www.movin-montecarlo.com\/produit\/vase-wind-fire-serax\/#breadcrumb"},"inLanguage":"en-GB","potentialAction":[{"@type":"ReadAction","target":["https:\/\/www.movin-montecarlo.com\/produit\/vase-wind-fire-serax\/"]}]},{"@type":"ImageObject","inLanguage":"en-GB","@id":"https:\/\/www.movin-montecarlo.com\/produit\/vase-wind-fire-serax\/#primaryimage","url":"https:\/\/www.movin-montecarlo.com\/wp-content\/uploads\/2023\/04\/serax-wind-and-fire-vases.jpg","contentUrl":"https:\/\/www.movin-montecarlo.com\/wp-content\/uploads\/2023\/04\/serax-wind-and-fire-vases.jpg","width":1748,"height":2480,"caption":"Vases wind & fire de chez SERAX"},{"@type":"BreadcrumbList","@id":"https:\/\/www.movin-montecarlo.com\/produit\/vase-wind-fire-serax\/#breadcrumb","itemListElement":[{"@type":"ListItem","position":1,"name":"Accueil","item":"https:\/\/www.movin-montecarlo.com\/"},{"@type":"ListItem","position":2,"name":"Products","item":"https:\/\/www.movin-montecarlo.com\/eng\/boutique__trashed\/"},{"@type":"ListItem","position":3,"name":"VASES WIND &#038; FIRE"}]},{"@type":"WebSite","@id":"https:\/\/www.movin-montecarlo.com\/#website","url":"https:\/\/www.movin-montecarlo.com\/","name":"Mov'In Studio | Interior Architect","description":"We manage your public or private project from A to Z: plans, 3D proposals, administration, site supervision, selection of decoration, furniture and materials, delivery and installation. If you have a new space or a space to renovate, contact us.","publisher":{"@id":"https:\/\/www.movin-montecarlo.com\/#organization"},"potentialAction":[{"@type":"SearchAction","target":{"@type":"EntryPoint","urlTemplate":"https:\/\/www.movin-montecarlo.com\/?s={search_term_string}"},"query-input":{"@type":"PropertyValueSpecification","valueRequired":true,"valueName":"search_term_string"}}],"inLanguage":"en-GB"},{"@type":"Organization","@id":"https:\/\/www.movin-montecarlo.com\/#organization","name":"movin","url":"https:\/\/www.movin-montecarlo.com\/","logo":{"@type":"ImageObject","inLanguage":"en-GB","@id":"https:\/\/www.movin-montecarlo.com\/#\/schema\/logo\/image\/","url":"https:\/\/www.movin-montecarlo.com\/wp-content\/uploads\/2025\/02\/cropped-Fichier-39.png","contentUrl":"https:\/\/www.movin-montecarlo.com\/wp-content\/uploads\/2025\/02\/cropped-Fichier-39.png","width":1275,"height":874,"caption":"movin"},"image":{"@id":"https:\/\/www.movin-montecarlo.com\/#\/schema\/logo\/image\/"},"sameAs":["https:\/\/www.instagram.com\/movinmonaco\/"]}]}},"_links":{"self":[{"href":"https:\/\/www.movin-montecarlo.com\/en\/wp-json\/wp\/v2\/product\/4039","targetHints":{"allow":["GET"]}}],"collection":[{"href":"https:\/\/www.movin-montecarlo.com\/en\/wp-json\/wp\/v2\/product"}],"about":[{"href":"https:\/\/www.movin-montecarlo.com\/en\/wp-json\/wp\/v2\/types\/product"}],"version-history":[{"count":15,"href":"https:\/\/www.movin-montecarlo.com\/en\/wp-json\/wp\/v2\/product\/4039\/revisions"}],"predecessor-version":[{"id":8767,"href":"https:\/\/www.movin-montecarlo.com\/en\/wp-json\/wp\/v2\/product\/4039\/revisions\/8767"}],"wp:featuredmedia":[{"embeddable":true,"href":"https:\/\/www.movin-montecarlo.com\/en\/wp-json\/wp\/v2\/media\/4040"}],"wp:attachment":[{"href":"https:\/\/www.movin-montecarlo.com\/en\/wp-json\/wp\/v2\/media?parent=4039"}],"wp:term":[{"taxonomy":"product_brand","embeddable":true,"href":"https:\/\/www.movin-montecarlo.com\/en\/wp-json\/wp\/v2\/product_brand?post=4039"},{"taxonomy":"product_cat","embeddable":true,"href":"https:\/\/www.movin-montecarlo.com\/en\/wp-json\/wp\/v2\/product_cat?post=4039"},{"taxonomy":"product_tag","embeddable":true,"href":"https:\/\/www.movin-montecarlo.com\/en\/wp-json\/wp\/v2\/product_tag?post=4039"}],"curies":[{"name":"wp","href":"https:\/\/api.w.org\/{rel}","templated":true}]}}