{"id":3882,"date":"2023-04-21T12:00:24","date_gmt":"2023-04-21T10:00:24","guid":{"rendered":"https:\/\/www.movin-montecarlo.com\/?post_type=product&#038;p=3882"},"modified":"2026-04-03T13:19:41","modified_gmt":"2026-04-03T11:19:41","slug":"lampe-cestita-bateria-santacole","status":"publish","type":"product","link":"https:\/\/www.movin-montecarlo.com\/en\/product\/lampe-cestita-bateria-santacole\/","title":{"rendered":"TABLE LAMP CESTITA BATERIA"},"content":{"rendered":"<p>Designer : Miguel Mil\u00e1<\/p>\n<p>Mat\u00e9riaux : Verre opalis\u00e9 blanc, Structure en cerisier<\/p>\n<p>Dimensions : Dia 22 x H 36 cm<\/p>\n<p>BATTERY - Dimmable to three levels<br \/>\nAutonomy: 5h at high power, 12h at medium power, 24h at minimum power.<\/p>","protected":false},"excerpt":{"rendered":"<p>Designer : Miguel Mil\u00e1 Mat\u00e9riaux : Verre opalis\u00e9 blanc, Structure en cerisier Dimensions : Dia 22 x H 36 cm \u00c0 BATTERIE \u2013 Dimmable \u00e0 trois intensit\u00e9s Autonomie : 5h \u00e0 puissance \u00e9lev\u00e9e, 12h \u00e0 puissance moyenne, 24h \u00e0 puissance minimale.<\/p>","protected":false},"featured_media":4054,"template":"","meta":[],"product_brand":[],"product_cat":[18],"product_tag":[46],"class_list":{"0":"post-3882","1":"product","2":"type-product","3":"status-publish","4":"has-post-thumbnail","6":"product_cat-luminaires","7":"product_tag-santa-cole","9":"first","10":"outofstock","11":"taxable","12":"shipping-taxable","13":"purchasable","14":"product-type-simple"},"yoast_head":"<!-- This site is optimized with the Yoast SEO plugin v27.4 - https:\/\/yoast.com\/product\/yoast-seo-wordpress\/ -->\n<title>SANTA&amp;COLE | LAMPE DE TABLE CESTITA BATERIA - Mov&#039;In Studio | Architecte d&#039;int\u00e9rieur<\/title>\n<meta name=\"description\" content=\"Lampe de table Cestita Bateria SANTA&amp;COLE - Designer : Miguel Mil\u00e1 - Verre opalis\u00e9 blanc et structure cerisier - Dimensions : \u00d822 x H36 cm\" \/>\n<meta name=\"robots\" content=\"index, follow, max-snippet:-1, max-image-preview:large, max-video-preview:-1\" \/>\n<link rel=\"canonical\" href=\"https:\/\/www.movin-montecarlo.com\/en\/product\/lampe-cestita-bateria-santacole\/\" \/>\n<meta property=\"og:locale\" content=\"en_GB\" \/>\n<meta property=\"og:type\" content=\"article\" \/>\n<meta property=\"og:title\" content=\"SANTA&amp;COLE | LAMPE DE TABLE CESTITA BATERIA - Mov&#039;In Studio | Architecte d&#039;int\u00e9rieur\" \/>\n<meta property=\"og:description\" content=\"Lampe de table Cestita Bateria SANTA&amp;COLE - Designer : Miguel Mil\u00e1 - Verre opalis\u00e9 blanc et structure cerisier - Dimensions : \u00d822 x H36 cm\" \/>\n<meta property=\"og:url\" content=\"https:\/\/www.movin-montecarlo.com\/en\/product\/lampe-cestita-bateria-santacole\/\" \/>\n<meta property=\"og:site_name\" content=\"Mov&#039;In Studio | Architecte d&#039;int\u00e9rieur\" \/>\n<meta property=\"article:modified_time\" content=\"2026-04-03T11:19:41+00:00\" \/>\n<meta property=\"og:image\" content=\"https:\/\/www.movin-montecarlo.com\/wp-content\/uploads\/2023\/04\/Cestita-Bateria-SANTA-COLE.jpg\" \/>\n\t<meta property=\"og:image:width\" content=\"1748\" \/>\n\t<meta property=\"og:image:height\" content=\"2480\" \/>\n\t<meta property=\"og:image:type\" content=\"image\/jpeg\" \/>\n<meta name=\"twitter:card\" content=\"summary_large_image\" \/>\n<meta name=\"twitter:label1\" content=\"Estimated reading time\" \/>\n\t<meta name=\"twitter:data1\" content=\"1 minute\" \/>\n<script type=\"application\/ld+json\" class=\"yoast-schema-graph\">{\"@context\":\"https:\\\/\\\/schema.org\",\"@graph\":[{\"@type\":\"WebPage\",\"@id\":\"https:\\\/\\\/www.movin-montecarlo.com\\\/produit\\\/lampe-cestita-bateria-santacole\\\/\",\"url\":\"https:\\\/\\\/www.movin-montecarlo.com\\\/produit\\\/lampe-cestita-bateria-santacole\\\/\",\"name\":\"SANTA&COLE | LAMPE DE TABLE CESTITA BATERIA - Mov&#039;In Studio | Architecte d&#039;int\u00e9rieur\",\"isPartOf\":{\"@id\":\"https:\\\/\\\/www.movin-montecarlo.com\\\/#website\"},\"primaryImageOfPage\":{\"@id\":\"https:\\\/\\\/www.movin-montecarlo.com\\\/produit\\\/lampe-cestita-bateria-santacole\\\/#primaryimage\"},\"image\":{\"@id\":\"https:\\\/\\\/www.movin-montecarlo.com\\\/produit\\\/lampe-cestita-bateria-santacole\\\/#primaryimage\"},\"thumbnailUrl\":\"https:\\\/\\\/www.movin-montecarlo.com\\\/wp-content\\\/uploads\\\/2023\\\/04\\\/Cestita-Bateria-SANTA-COLE.jpg\",\"datePublished\":\"2023-04-21T10:00:24+00:00\",\"dateModified\":\"2026-04-03T11:19:41+00:00\",\"description\":\"Lampe de table Cestita Bateria SANTA&COLE - Designer : Miguel Mil\u00e1 - Verre opalis\u00e9 blanc et structure cerisier - Dimensions : \u00d822 x H36 cm\",\"breadcrumb\":{\"@id\":\"https:\\\/\\\/www.movin-montecarlo.com\\\/produit\\\/lampe-cestita-bateria-santacole\\\/#breadcrumb\"},\"inLanguage\":\"en-GB\",\"potentialAction\":[{\"@type\":\"ReadAction\",\"target\":[\"https:\\\/\\\/www.movin-montecarlo.com\\\/produit\\\/lampe-cestita-bateria-santacole\\\/\"]}]},{\"@type\":\"ImageObject\",\"inLanguage\":\"en-GB\",\"@id\":\"https:\\\/\\\/www.movin-montecarlo.com\\\/produit\\\/lampe-cestita-bateria-santacole\\\/#primaryimage\",\"url\":\"https:\\\/\\\/www.movin-montecarlo.com\\\/wp-content\\\/uploads\\\/2023\\\/04\\\/Cestita-Bateria-SANTA-COLE.jpg\",\"contentUrl\":\"https:\\\/\\\/www.movin-montecarlo.com\\\/wp-content\\\/uploads\\\/2023\\\/04\\\/Cestita-Bateria-SANTA-COLE.jpg\",\"width\":1748,\"height\":2480,\"caption\":\"Lampe Cestita Bateria de Santa Cole\"},{\"@type\":\"BreadcrumbList\",\"@id\":\"https:\\\/\\\/www.movin-montecarlo.com\\\/produit\\\/lampe-cestita-bateria-santacole\\\/#breadcrumb\",\"itemListElement\":[{\"@type\":\"ListItem\",\"position\":1,\"name\":\"Accueil\",\"item\":\"https:\\\/\\\/www.movin-montecarlo.com\\\/\"},{\"@type\":\"ListItem\",\"position\":2,\"name\":\"Products\",\"item\":\"https:\\\/\\\/www.movin-montecarlo.com\\\/eng\\\/boutique__trashed\\\/\"},{\"@type\":\"ListItem\",\"position\":3,\"name\":\"LAMPE DE TABLE CESTITA BATERIA\"}]},{\"@type\":\"WebSite\",\"@id\":\"https:\\\/\\\/www.movin-montecarlo.com\\\/#website\",\"url\":\"https:\\\/\\\/www.movin-montecarlo.com\\\/\",\"name\":\"Mov&#039;In Studio | Architecte d&#039;int\u00e9rieur\",\"description\":\"Nous g\u00e9rons votre projet public ou priv\u00e9 de A \u00e0 Z : plans, propositions 3D, administratifs, suivi de chantier, s\u00e9lection de la d\u00e9coration, du mobilier et des mat\u00e9riaux, livraison et installation. Un espace neuf ou \u00e0 r\u00e9nover, contactez-nous.\",\"publisher\":{\"@id\":\"https:\\\/\\\/www.movin-montecarlo.com\\\/#organization\"},\"potentialAction\":[{\"@type\":\"SearchAction\",\"target\":{\"@type\":\"EntryPoint\",\"urlTemplate\":\"https:\\\/\\\/www.movin-montecarlo.com\\\/?s={search_term_string}\"},\"query-input\":{\"@type\":\"PropertyValueSpecification\",\"valueRequired\":true,\"valueName\":\"search_term_string\"}}],\"inLanguage\":\"en-GB\"},{\"@type\":\"Organization\",\"@id\":\"https:\\\/\\\/www.movin-montecarlo.com\\\/#organization\",\"name\":\"movin\",\"url\":\"https:\\\/\\\/www.movin-montecarlo.com\\\/\",\"logo\":{\"@type\":\"ImageObject\",\"inLanguage\":\"en-GB\",\"@id\":\"https:\\\/\\\/www.movin-montecarlo.com\\\/#\\\/schema\\\/logo\\\/image\\\/\",\"url\":\"https:\\\/\\\/www.movin-montecarlo.com\\\/wp-content\\\/uploads\\\/2025\\\/02\\\/cropped-Fichier-39.png\",\"contentUrl\":\"https:\\\/\\\/www.movin-montecarlo.com\\\/wp-content\\\/uploads\\\/2025\\\/02\\\/cropped-Fichier-39.png\",\"width\":1275,\"height\":874,\"caption\":\"movin\"},\"image\":{\"@id\":\"https:\\\/\\\/www.movin-montecarlo.com\\\/#\\\/schema\\\/logo\\\/image\\\/\"},\"sameAs\":[\"https:\\\/\\\/www.instagram.com\\\/movinmonaco\\\/\"]}]}<\/script>\n<!-- \/ Yoast SEO plugin. -->","yoast_head_json":{"title":"SANTA&amp;COLE | CESTITA BATERIA TABLE LAMP - Mov'In Studio | Interior designer","description":"Cestita Bateria table lamp by SANTA&amp;COLE - Designer: Miguel Mil\u00e1 - White opalised glass and cherry wood frame - Dimensions: \u00d822 x H36 cm","robots":{"index":"index","follow":"follow","max-snippet":"max-snippet:-1","max-image-preview":"max-image-preview:large","max-video-preview":"max-video-preview:-1"},"canonical":"https:\/\/www.movin-montecarlo.com\/en\/product\/lampe-cestita-bateria-santacole\/","og_locale":"en_GB","og_type":"article","og_title":"SANTA&COLE | LAMPE DE TABLE CESTITA BATERIA - Mov&#039;In Studio | Architecte d&#039;int\u00e9rieur","og_description":"Lampe de table Cestita Bateria SANTA&COLE - Designer : Miguel Mil\u00e1 - Verre opalis\u00e9 blanc et structure cerisier - Dimensions : \u00d822 x H36 cm","og_url":"https:\/\/www.movin-montecarlo.com\/en\/product\/lampe-cestita-bateria-santacole\/","og_site_name":"Mov&#039;In Studio | Architecte d&#039;int\u00e9rieur","article_modified_time":"2026-04-03T11:19:41+00:00","og_image":[{"width":1748,"height":2480,"url":"https:\/\/www.movin-montecarlo.com\/wp-content\/uploads\/2023\/04\/Cestita-Bateria-SANTA-COLE.jpg","type":"image\/jpeg"}],"twitter_card":"summary_large_image","twitter_misc":{"Estimated reading time":"1 minute"},"schema":{"@context":"https:\/\/schema.org","@graph":[{"@type":"WebPage","@id":"https:\/\/www.movin-montecarlo.com\/produit\/lampe-cestita-bateria-santacole\/","url":"https:\/\/www.movin-montecarlo.com\/produit\/lampe-cestita-bateria-santacole\/","name":"SANTA&amp;COLE | CESTITA BATERIA TABLE LAMP - Mov'In Studio | Interior designer","isPartOf":{"@id":"https:\/\/www.movin-montecarlo.com\/#website"},"primaryImageOfPage":{"@id":"https:\/\/www.movin-montecarlo.com\/produit\/lampe-cestita-bateria-santacole\/#primaryimage"},"image":{"@id":"https:\/\/www.movin-montecarlo.com\/produit\/lampe-cestita-bateria-santacole\/#primaryimage"},"thumbnailUrl":"https:\/\/www.movin-montecarlo.com\/wp-content\/uploads\/2023\/04\/Cestita-Bateria-SANTA-COLE.jpg","datePublished":"2023-04-21T10:00:24+00:00","dateModified":"2026-04-03T11:19:41+00:00","description":"Cestita Bateria table lamp by SANTA&amp;COLE - Designer: Miguel Mil\u00e1 - White opalised glass and cherry wood frame - Dimensions: \u00d822 x H36 cm","breadcrumb":{"@id":"https:\/\/www.movin-montecarlo.com\/produit\/lampe-cestita-bateria-santacole\/#breadcrumb"},"inLanguage":"en-GB","potentialAction":[{"@type":"ReadAction","target":["https:\/\/www.movin-montecarlo.com\/produit\/lampe-cestita-bateria-santacole\/"]}]},{"@type":"ImageObject","inLanguage":"en-GB","@id":"https:\/\/www.movin-montecarlo.com\/produit\/lampe-cestita-bateria-santacole\/#primaryimage","url":"https:\/\/www.movin-montecarlo.com\/wp-content\/uploads\/2023\/04\/Cestita-Bateria-SANTA-COLE.jpg","contentUrl":"https:\/\/www.movin-montecarlo.com\/wp-content\/uploads\/2023\/04\/Cestita-Bateria-SANTA-COLE.jpg","width":1748,"height":2480,"caption":"Lampe Cestita Bateria de Santa Cole"},{"@type":"BreadcrumbList","@id":"https:\/\/www.movin-montecarlo.com\/produit\/lampe-cestita-bateria-santacole\/#breadcrumb","itemListElement":[{"@type":"ListItem","position":1,"name":"Accueil","item":"https:\/\/www.movin-montecarlo.com\/"},{"@type":"ListItem","position":2,"name":"Products","item":"https:\/\/www.movin-montecarlo.com\/eng\/boutique__trashed\/"},{"@type":"ListItem","position":3,"name":"LAMPE DE TABLE CESTITA BATERIA"}]},{"@type":"WebSite","@id":"https:\/\/www.movin-montecarlo.com\/#website","url":"https:\/\/www.movin-montecarlo.com\/","name":"Mov'In Studio | Interior Architect","description":"We manage your public or private project from A to Z: plans, 3D proposals, administration, site supervision, selection of decoration, furniture and materials, delivery and installation. If you have a new space or a space to renovate, contact us.","publisher":{"@id":"https:\/\/www.movin-montecarlo.com\/#organization"},"potentialAction":[{"@type":"SearchAction","target":{"@type":"EntryPoint","urlTemplate":"https:\/\/www.movin-montecarlo.com\/?s={search_term_string}"},"query-input":{"@type":"PropertyValueSpecification","valueRequired":true,"valueName":"search_term_string"}}],"inLanguage":"en-GB"},{"@type":"Organization","@id":"https:\/\/www.movin-montecarlo.com\/#organization","name":"movin","url":"https:\/\/www.movin-montecarlo.com\/","logo":{"@type":"ImageObject","inLanguage":"en-GB","@id":"https:\/\/www.movin-montecarlo.com\/#\/schema\/logo\/image\/","url":"https:\/\/www.movin-montecarlo.com\/wp-content\/uploads\/2025\/02\/cropped-Fichier-39.png","contentUrl":"https:\/\/www.movin-montecarlo.com\/wp-content\/uploads\/2025\/02\/cropped-Fichier-39.png","width":1275,"height":874,"caption":"movin"},"image":{"@id":"https:\/\/www.movin-montecarlo.com\/#\/schema\/logo\/image\/"},"sameAs":["https:\/\/www.instagram.com\/movinmonaco\/"]}]}},"_links":{"self":[{"href":"https:\/\/www.movin-montecarlo.com\/en\/wp-json\/wp\/v2\/product\/3882","targetHints":{"allow":["GET"]}}],"collection":[{"href":"https:\/\/www.movin-montecarlo.com\/en\/wp-json\/wp\/v2\/product"}],"about":[{"href":"https:\/\/www.movin-montecarlo.com\/en\/wp-json\/wp\/v2\/types\/product"}],"version-history":[{"count":20,"href":"https:\/\/www.movin-montecarlo.com\/en\/wp-json\/wp\/v2\/product\/3882\/revisions"}],"predecessor-version":[{"id":8696,"href":"https:\/\/www.movin-montecarlo.com\/en\/wp-json\/wp\/v2\/product\/3882\/revisions\/8696"}],"wp:featuredmedia":[{"embeddable":true,"href":"https:\/\/www.movin-montecarlo.com\/en\/wp-json\/wp\/v2\/media\/4054"}],"wp:attachment":[{"href":"https:\/\/www.movin-montecarlo.com\/en\/wp-json\/wp\/v2\/media?parent=3882"}],"wp:term":[{"taxonomy":"product_brand","embeddable":true,"href":"https:\/\/www.movin-montecarlo.com\/en\/wp-json\/wp\/v2\/product_brand?post=3882"},{"taxonomy":"product_cat","embeddable":true,"href":"https:\/\/www.movin-montecarlo.com\/en\/wp-json\/wp\/v2\/product_cat?post=3882"},{"taxonomy":"product_tag","embeddable":true,"href":"https:\/\/www.movin-montecarlo.com\/en\/wp-json\/wp\/v2\/product_tag?post=3882"}],"curies":[{"name":"wp","href":"https:\/\/api.w.org\/{rel}","templated":true}]}}