{"id":3433,"date":"2023-01-04T11:21:47","date_gmt":"2023-01-04T10:21:47","guid":{"rendered":"https:\/\/www.movin-montecarlo.com\/?post_type=product&#038;p=3433"},"modified":"2026-04-03T18:22:07","modified_gmt":"2026-04-03T16:22:07","slug":"ensemble-de-3-tables-dappoint-rondins-log-gervasoni","status":"publish","type":"product","link":"https:\/\/www.movin-montecarlo.com\/en\/product\/ensemble-de-3-tables-dappoint-rondins-log-gervasoni\/","title":{"rendered":"SET OF 3 LOG SIDE TABLES"},"content":{"rendered":"<p>Designer : Paola Navone<\/p>\n<p>Material: Barked beech roundel, lacquered on the outside<\/p>\n<p>Colour: Gloss white<\/p>\n<p>Dimensions<br \/>\nLOG S : Dia 18-22 x H 32 cm<br \/>\nLOG M: Dia 18-22 X H 42 cm<br \/>\nLOG L : Dia 28-32 x H 42 cm<\/p>","protected":false},"excerpt":{"rendered":"<p>Designer : Paola Navone Mat\u00e9riau : Rondin en h\u00eatre \u00e9corc\u00e9 laqu\u00e9 \u00e0 l&rsquo;ext\u00e9rieur Coloris : Blanc brillant Dimensions LOG S : Dia 18-22 x H 32 cm LOG M:\u00a0 Dia 18-22 X H 42 cm LOG L : Dia 28-32 x H 42 cm<\/p>","protected":false},"featured_media":3434,"template":"","meta":[],"product_brand":[],"product_cat":[25],"product_tag":[54],"class_list":{"0":"post-3433","1":"product","2":"type-product","3":"status-publish","4":"has-post-thumbnail","6":"product_cat-contemporain","7":"product_tag-gervasoni","9":"first","10":"outofstock","11":"taxable","12":"shipping-taxable","13":"purchasable","14":"product-type-simple"},"yoast_head":"<!-- This site is optimized with the Yoast SEO plugin v27.4 - https:\/\/yoast.com\/product\/yoast-seo-wordpress\/ -->\n<title>ENSEMBLE DE 3 TABLES D&#039;APPOINT LOG - Mov&#039;In Studio | Architecte d&#039;int\u00e9rieur<\/title>\n<meta name=\"description\" content=\"Tables d&#039;appoint rondins Gervasoni de Paola Navone - H\u00eatre, \u00e9corc\u00e9 et laqu\u00e9 blanc brillant \u00e0 l&#039;ext\u00e9rieur - Taille S, M et L - Disponible laqu\u00e9 noir brillant\" \/>\n<meta name=\"robots\" content=\"index, follow, max-snippet:-1, max-image-preview:large, max-video-preview:-1\" \/>\n<link rel=\"canonical\" href=\"https:\/\/www.movin-montecarlo.com\/en\/product\/ensemble-de-3-tables-dappoint-rondins-log-gervasoni\/\" \/>\n<meta property=\"og:locale\" content=\"en_GB\" \/>\n<meta property=\"og:type\" content=\"article\" \/>\n<meta property=\"og:title\" content=\"ENSEMBLE DE 3 TABLES D&#039;APPOINT LOG - Mov&#039;In Studio | Architecte d&#039;int\u00e9rieur\" \/>\n<meta property=\"og:description\" content=\"Tables d&#039;appoint rondins Gervasoni de Paola Navone - H\u00eatre, \u00e9corc\u00e9 et laqu\u00e9 blanc brillant \u00e0 l&#039;ext\u00e9rieur - Taille S, M et L - Disponible laqu\u00e9 noir brillant\" \/>\n<meta property=\"og:url\" content=\"https:\/\/www.movin-montecarlo.com\/en\/product\/ensemble-de-3-tables-dappoint-rondins-log-gervasoni\/\" \/>\n<meta property=\"og:site_name\" content=\"Mov&#039;In Studio | Architecte d&#039;int\u00e9rieur\" \/>\n<meta property=\"article:modified_time\" content=\"2026-04-03T16:22:07+00:00\" \/>\n<meta property=\"og:image\" content=\"https:\/\/www.movin-montecarlo.com\/wp-content\/uploads\/2023\/01\/Log-blanc-scaled.png\" \/>\n\t<meta property=\"og:image:width\" content=\"1920\" \/>\n\t<meta property=\"og:image:height\" content=\"2560\" \/>\n\t<meta property=\"og:image:type\" content=\"image\/png\" \/>\n<meta name=\"twitter:card\" content=\"summary_large_image\" \/>\n<meta name=\"twitter:label1\" content=\"Estimated reading time\" \/>\n\t<meta name=\"twitter:data1\" content=\"1 minute\" \/>\n<script type=\"application\/ld+json\" class=\"yoast-schema-graph\">{\"@context\":\"https:\\\/\\\/schema.org\",\"@graph\":[{\"@type\":\"WebPage\",\"@id\":\"https:\\\/\\\/www.movin-montecarlo.com\\\/produit\\\/ensemble-de-3-tables-dappoint-rondins-log-gervasoni\\\/\",\"url\":\"https:\\\/\\\/www.movin-montecarlo.com\\\/produit\\\/ensemble-de-3-tables-dappoint-rondins-log-gervasoni\\\/\",\"name\":\"ENSEMBLE DE 3 TABLES D'APPOINT LOG - Mov&#039;In Studio | Architecte d&#039;int\u00e9rieur\",\"isPartOf\":{\"@id\":\"https:\\\/\\\/www.movin-montecarlo.com\\\/#website\"},\"primaryImageOfPage\":{\"@id\":\"https:\\\/\\\/www.movin-montecarlo.com\\\/produit\\\/ensemble-de-3-tables-dappoint-rondins-log-gervasoni\\\/#primaryimage\"},\"image\":{\"@id\":\"https:\\\/\\\/www.movin-montecarlo.com\\\/produit\\\/ensemble-de-3-tables-dappoint-rondins-log-gervasoni\\\/#primaryimage\"},\"thumbnailUrl\":\"https:\\\/\\\/www.movin-montecarlo.com\\\/wp-content\\\/uploads\\\/2023\\\/01\\\/Log-blanc-scaled.png\",\"datePublished\":\"2023-01-04T10:21:47+00:00\",\"dateModified\":\"2026-04-03T16:22:07+00:00\",\"description\":\"Tables d'appoint rondins Gervasoni de Paola Navone - H\u00eatre, \u00e9corc\u00e9 et laqu\u00e9 blanc brillant \u00e0 l'ext\u00e9rieur - Taille S, M et L - Disponible laqu\u00e9 noir brillant\",\"breadcrumb\":{\"@id\":\"https:\\\/\\\/www.movin-montecarlo.com\\\/produit\\\/ensemble-de-3-tables-dappoint-rondins-log-gervasoni\\\/#breadcrumb\"},\"inLanguage\":\"en-GB\",\"potentialAction\":[{\"@type\":\"ReadAction\",\"target\":[\"https:\\\/\\\/www.movin-montecarlo.com\\\/produit\\\/ensemble-de-3-tables-dappoint-rondins-log-gervasoni\\\/\"]}]},{\"@type\":\"ImageObject\",\"inLanguage\":\"en-GB\",\"@id\":\"https:\\\/\\\/www.movin-montecarlo.com\\\/produit\\\/ensemble-de-3-tables-dappoint-rondins-log-gervasoni\\\/#primaryimage\",\"url\":\"https:\\\/\\\/www.movin-montecarlo.com\\\/wp-content\\\/uploads\\\/2023\\\/01\\\/Log-blanc-scaled.png\",\"contentUrl\":\"https:\\\/\\\/www.movin-montecarlo.com\\\/wp-content\\\/uploads\\\/2023\\\/01\\\/Log-blanc-scaled.png\",\"width\":1920,\"height\":2560},{\"@type\":\"BreadcrumbList\",\"@id\":\"https:\\\/\\\/www.movin-montecarlo.com\\\/produit\\\/ensemble-de-3-tables-dappoint-rondins-log-gervasoni\\\/#breadcrumb\",\"itemListElement\":[{\"@type\":\"ListItem\",\"position\":1,\"name\":\"Accueil\",\"item\":\"https:\\\/\\\/www.movin-montecarlo.com\\\/\"},{\"@type\":\"ListItem\",\"position\":2,\"name\":\"Products\",\"item\":\"https:\\\/\\\/www.movin-montecarlo.com\\\/eng\\\/boutique__trashed\\\/\"},{\"@type\":\"ListItem\",\"position\":3,\"name\":\"ENSEMBLE DE 3 TABLES D&rsquo;APPOINT LOG\"}]},{\"@type\":\"WebSite\",\"@id\":\"https:\\\/\\\/www.movin-montecarlo.com\\\/#website\",\"url\":\"https:\\\/\\\/www.movin-montecarlo.com\\\/\",\"name\":\"Mov&#039;In Studio | Architecte d&#039;int\u00e9rieur\",\"description\":\"Nous g\u00e9rons votre projet public ou priv\u00e9 de A \u00e0 Z : plans, propositions 3D, administratifs, suivi de chantier, s\u00e9lection de la d\u00e9coration, du mobilier et des mat\u00e9riaux, livraison et installation. Un espace neuf ou \u00e0 r\u00e9nover, contactez-nous.\",\"publisher\":{\"@id\":\"https:\\\/\\\/www.movin-montecarlo.com\\\/#organization\"},\"potentialAction\":[{\"@type\":\"SearchAction\",\"target\":{\"@type\":\"EntryPoint\",\"urlTemplate\":\"https:\\\/\\\/www.movin-montecarlo.com\\\/?s={search_term_string}\"},\"query-input\":{\"@type\":\"PropertyValueSpecification\",\"valueRequired\":true,\"valueName\":\"search_term_string\"}}],\"inLanguage\":\"en-GB\"},{\"@type\":\"Organization\",\"@id\":\"https:\\\/\\\/www.movin-montecarlo.com\\\/#organization\",\"name\":\"movin\",\"url\":\"https:\\\/\\\/www.movin-montecarlo.com\\\/\",\"logo\":{\"@type\":\"ImageObject\",\"inLanguage\":\"en-GB\",\"@id\":\"https:\\\/\\\/www.movin-montecarlo.com\\\/#\\\/schema\\\/logo\\\/image\\\/\",\"url\":\"https:\\\/\\\/www.movin-montecarlo.com\\\/wp-content\\\/uploads\\\/2025\\\/02\\\/cropped-Fichier-39.png\",\"contentUrl\":\"https:\\\/\\\/www.movin-montecarlo.com\\\/wp-content\\\/uploads\\\/2025\\\/02\\\/cropped-Fichier-39.png\",\"width\":1275,\"height\":874,\"caption\":\"movin\"},\"image\":{\"@id\":\"https:\\\/\\\/www.movin-montecarlo.com\\\/#\\\/schema\\\/logo\\\/image\\\/\"},\"sameAs\":[\"https:\\\/\\\/www.instagram.com\\\/movinmonaco\\\/\"]}]}<\/script>\n<!-- \/ Yoast SEO plugin. -->","yoast_head_json":{"title":"ENSEMBLE DE 3 TABLES D'APPOINT LOG - Mov&#039;In Studio | Architecte d&#039;int\u00e9rieur","description":"Tables d'appoint rondins Gervasoni de Paola Navone - H\u00eatre, \u00e9corc\u00e9 et laqu\u00e9 blanc brillant \u00e0 l'ext\u00e9rieur - Taille S, M et L - Disponible laqu\u00e9 noir brillant","robots":{"index":"index","follow":"follow","max-snippet":"max-snippet:-1","max-image-preview":"max-image-preview:large","max-video-preview":"max-video-preview:-1"},"canonical":"https:\/\/www.movin-montecarlo.com\/en\/product\/ensemble-de-3-tables-dappoint-rondins-log-gervasoni\/","og_locale":"en_GB","og_type":"article","og_title":"ENSEMBLE DE 3 TABLES D'APPOINT LOG - Mov&#039;In Studio | Architecte d&#039;int\u00e9rieur","og_description":"Tables d'appoint rondins Gervasoni de Paola Navone - H\u00eatre, \u00e9corc\u00e9 et laqu\u00e9 blanc brillant \u00e0 l'ext\u00e9rieur - Taille S, M et L - Disponible laqu\u00e9 noir brillant","og_url":"https:\/\/www.movin-montecarlo.com\/en\/product\/ensemble-de-3-tables-dappoint-rondins-log-gervasoni\/","og_site_name":"Mov&#039;In Studio | Architecte d&#039;int\u00e9rieur","article_modified_time":"2026-04-03T16:22:07+00:00","og_image":[{"width":1920,"height":2560,"url":"https:\/\/www.movin-montecarlo.com\/wp-content\/uploads\/2023\/01\/Log-blanc-scaled.png","type":"image\/png"}],"twitter_card":"summary_large_image","twitter_misc":{"Estimated reading time":"1 minute"},"schema":{"@context":"https:\/\/schema.org","@graph":[{"@type":"WebPage","@id":"https:\/\/www.movin-montecarlo.com\/produit\/ensemble-de-3-tables-dappoint-rondins-log-gervasoni\/","url":"https:\/\/www.movin-montecarlo.com\/produit\/ensemble-de-3-tables-dappoint-rondins-log-gervasoni\/","name":"ENSEMBLE DE 3 TABLES D'APPOINT LOG - Mov&#039;In Studio | Architecte d&#039;int\u00e9rieur","isPartOf":{"@id":"https:\/\/www.movin-montecarlo.com\/#website"},"primaryImageOfPage":{"@id":"https:\/\/www.movin-montecarlo.com\/produit\/ensemble-de-3-tables-dappoint-rondins-log-gervasoni\/#primaryimage"},"image":{"@id":"https:\/\/www.movin-montecarlo.com\/produit\/ensemble-de-3-tables-dappoint-rondins-log-gervasoni\/#primaryimage"},"thumbnailUrl":"https:\/\/www.movin-montecarlo.com\/wp-content\/uploads\/2023\/01\/Log-blanc-scaled.png","datePublished":"2023-01-04T10:21:47+00:00","dateModified":"2026-04-03T16:22:07+00:00","description":"Tables d'appoint rondins Gervasoni de Paola Navone - H\u00eatre, \u00e9corc\u00e9 et laqu\u00e9 blanc brillant \u00e0 l'ext\u00e9rieur - Taille S, M et L - Disponible laqu\u00e9 noir brillant","breadcrumb":{"@id":"https:\/\/www.movin-montecarlo.com\/produit\/ensemble-de-3-tables-dappoint-rondins-log-gervasoni\/#breadcrumb"},"inLanguage":"en-GB","potentialAction":[{"@type":"ReadAction","target":["https:\/\/www.movin-montecarlo.com\/produit\/ensemble-de-3-tables-dappoint-rondins-log-gervasoni\/"]}]},{"@type":"ImageObject","inLanguage":"en-GB","@id":"https:\/\/www.movin-montecarlo.com\/produit\/ensemble-de-3-tables-dappoint-rondins-log-gervasoni\/#primaryimage","url":"https:\/\/www.movin-montecarlo.com\/wp-content\/uploads\/2023\/01\/Log-blanc-scaled.png","contentUrl":"https:\/\/www.movin-montecarlo.com\/wp-content\/uploads\/2023\/01\/Log-blanc-scaled.png","width":1920,"height":2560},{"@type":"BreadcrumbList","@id":"https:\/\/www.movin-montecarlo.com\/produit\/ensemble-de-3-tables-dappoint-rondins-log-gervasoni\/#breadcrumb","itemListElement":[{"@type":"ListItem","position":1,"name":"Accueil","item":"https:\/\/www.movin-montecarlo.com\/"},{"@type":"ListItem","position":2,"name":"Products","item":"https:\/\/www.movin-montecarlo.com\/eng\/boutique__trashed\/"},{"@type":"ListItem","position":3,"name":"ENSEMBLE DE 3 TABLES D&rsquo;APPOINT LOG"}]},{"@type":"WebSite","@id":"https:\/\/www.movin-montecarlo.com\/#website","url":"https:\/\/www.movin-montecarlo.com\/","name":"Mov'In Studio | Interior Architect","description":"We manage your public or private project from A to Z: plans, 3D proposals, administration, site supervision, selection of decoration, furniture and materials, delivery and installation. If you have a new space or a space to renovate, contact us.","publisher":{"@id":"https:\/\/www.movin-montecarlo.com\/#organization"},"potentialAction":[{"@type":"SearchAction","target":{"@type":"EntryPoint","urlTemplate":"https:\/\/www.movin-montecarlo.com\/?s={search_term_string}"},"query-input":{"@type":"PropertyValueSpecification","valueRequired":true,"valueName":"search_term_string"}}],"inLanguage":"en-GB"},{"@type":"Organization","@id":"https:\/\/www.movin-montecarlo.com\/#organization","name":"movin","url":"https:\/\/www.movin-montecarlo.com\/","logo":{"@type":"ImageObject","inLanguage":"en-GB","@id":"https:\/\/www.movin-montecarlo.com\/#\/schema\/logo\/image\/","url":"https:\/\/www.movin-montecarlo.com\/wp-content\/uploads\/2025\/02\/cropped-Fichier-39.png","contentUrl":"https:\/\/www.movin-montecarlo.com\/wp-content\/uploads\/2025\/02\/cropped-Fichier-39.png","width":1275,"height":874,"caption":"movin"},"image":{"@id":"https:\/\/www.movin-montecarlo.com\/#\/schema\/logo\/image\/"},"sameAs":["https:\/\/www.instagram.com\/movinmonaco\/"]}]}},"_links":{"self":[{"href":"https:\/\/www.movin-montecarlo.com\/en\/wp-json\/wp\/v2\/product\/3433","targetHints":{"allow":["GET"]}}],"collection":[{"href":"https:\/\/www.movin-montecarlo.com\/en\/wp-json\/wp\/v2\/product"}],"about":[{"href":"https:\/\/www.movin-montecarlo.com\/en\/wp-json\/wp\/v2\/types\/product"}],"version-history":[{"count":11,"href":"https:\/\/www.movin-montecarlo.com\/en\/wp-json\/wp\/v2\/product\/3433\/revisions"}],"predecessor-version":[{"id":8802,"href":"https:\/\/www.movin-montecarlo.com\/en\/wp-json\/wp\/v2\/product\/3433\/revisions\/8802"}],"wp:featuredmedia":[{"embeddable":true,"href":"https:\/\/www.movin-montecarlo.com\/en\/wp-json\/wp\/v2\/media\/3434"}],"wp:attachment":[{"href":"https:\/\/www.movin-montecarlo.com\/en\/wp-json\/wp\/v2\/media?parent=3433"}],"wp:term":[{"taxonomy":"product_brand","embeddable":true,"href":"https:\/\/www.movin-montecarlo.com\/en\/wp-json\/wp\/v2\/product_brand?post=3433"},{"taxonomy":"product_cat","embeddable":true,"href":"https:\/\/www.movin-montecarlo.com\/en\/wp-json\/wp\/v2\/product_cat?post=3433"},{"taxonomy":"product_tag","embeddable":true,"href":"https:\/\/www.movin-montecarlo.com\/en\/wp-json\/wp\/v2\/product_tag?post=3433"}],"curies":[{"name":"wp","href":"https:\/\/api.w.org\/{rel}","templated":true}]}}