{"id":8053,"date":"2025-11-11T15:32:52","date_gmt":"2025-11-11T14:32:52","guid":{"rendered":"https:\/\/www.movin-montecarlo.com\/?page_id=8053"},"modified":"2025-11-11T16:10:40","modified_gmt":"2025-11-11T15:10:40","slug":"m-i-collection","status":"publish","type":"page","link":"https:\/\/www.movin-montecarlo.com\/en\/m-i-collection\/","title":{"rendered":"M.I. COLLECTION"},"content":{"rendered":"<div data-elementor-type=\"wp-page\" data-elementor-id=\"8053\" class=\"elementor elementor-8053\">\n\t\t\t\t<div class=\"elementor-element elementor-element-33cfdd8 e-flex e-con-boxed e-con e-parent\" data-id=\"33cfdd8\" data-element_type=\"container\" data-e-type=\"container\">\n\t\t\t\t\t<div class=\"e-con-inner\">\n\t\t\t\t<div class=\"elementor-element elementor-element-6337614 elementor-widget elementor-widget-heading\" data-id=\"6337614\" data-element_type=\"widget\" data-e-type=\"widget\" data-widget_type=\"heading.default\">\n\t\t\t\t<div class=\"elementor-widget-container\">\n\t\t\t\t\t<h2 class=\"elementor-heading-title elementor-size-default\">Our collection will soon be available online!<\/h2>\t\t\t\t<\/div>\n\t\t\t\t<\/div>\n\t\t\t\t\t<\/div>\n\t\t\t\t<\/div>\n\t\t<div class=\"elementor-element elementor-element-da60983 e-flex e-con-boxed e-con e-parent\" data-id=\"da60983\" data-element_type=\"container\" data-e-type=\"container\">\n\t\t\t\t\t<div class=\"e-con-inner\">\n\t\t\t\t<div class=\"elementor-element elementor-element-54920dd elementor-align-center elementor-widget elementor-widget-button\" data-id=\"54920dd\" data-element_type=\"widget\" data-e-type=\"widget\" data-widget_type=\"button.default\">\n\t\t\t\t<div class=\"elementor-widget-container\">\n\t\t\t\t\t\t\t\t\t<div class=\"elementor-button-wrapper\">\n\t\t\t\t\t<a class=\"elementor-button elementor-button-link elementor-size-sm\" href=\"https:\/\/www.movin-montecarlo.com\/en\/mobiliers\/\">\n\t\t\t\t\t\t<span class=\"elementor-button-content-wrapper\">\n\t\t\t\t\t\t\t\t\t<span class=\"elementor-button-text\">All products<\/span>\n\t\t\t\t\t<\/span>\n\t\t\t\t\t<\/a>\n\t\t\t\t<\/div>\n\t\t\t\t\t\t\t\t<\/div>\n\t\t\t\t<\/div>\n\t\t\t\t\t<\/div>\n\t\t\t\t<\/div>\n\t\t\t\t<\/div>","protected":false},"excerpt":{"rendered":"<p>Our collection will soon be available online! All products<\/p>","protected":false},"author":5,"featured_media":0,"parent":0,"menu_order":0,"comment_status":"closed","ping_status":"closed","template":"","meta":{"footnotes":""},"class_list":["post-8053","page","type-page","status-publish","hentry"],"yoast_head":"<!-- This site is optimized with the Yoast SEO plugin v27.6 - https:\/\/yoast.com\/product\/yoast-seo-wordpress\/ -->\n<title>M.I. COLLECTION - Mov&#039;In Studio | Architecte d&#039;int\u00e9rieur<\/title>\n<meta name=\"robots\" content=\"index, follow, max-snippet:-1, max-image-preview:large, max-video-preview:-1\" \/>\n<link rel=\"canonical\" href=\"https:\/\/www.movin-montecarlo.com\/en\/m-i-collection\/\" \/>\n<meta property=\"og:locale\" content=\"en_GB\" \/>\n<meta property=\"og:type\" content=\"article\" \/>\n<meta property=\"og:title\" content=\"M.I. COLLECTION - Mov&#039;In Studio | Architecte d&#039;int\u00e9rieur\" \/>\n<meta property=\"og:description\" content=\"Notre collection sera bient\u00f4t disponible en ligne ! Tous les produits\" \/>\n<meta property=\"og:url\" content=\"https:\/\/www.movin-montecarlo.com\/en\/m-i-collection\/\" \/>\n<meta property=\"og:site_name\" content=\"Mov&#039;In Studio | Architecte d&#039;int\u00e9rieur\" \/>\n<meta property=\"article:modified_time\" content=\"2025-11-11T15:10:40+00:00\" \/>\n<meta name=\"twitter:card\" content=\"summary_large_image\" \/>\n<meta name=\"twitter:label1\" content=\"Estimated reading time\" \/>\n\t<meta name=\"twitter:data1\" content=\"1 minute\" \/>\n<script type=\"application\/ld+json\" class=\"yoast-schema-graph\">{\"@context\":\"https:\\\/\\\/schema.org\",\"@graph\":[{\"@type\":\"WebPage\",\"@id\":\"https:\\\/\\\/www.movin-montecarlo.com\\\/m-i-collection\\\/\",\"url\":\"https:\\\/\\\/www.movin-montecarlo.com\\\/m-i-collection\\\/\",\"name\":\"M.I. COLLECTION - Mov&#039;In Studio | Architecte d&#039;int\u00e9rieur\",\"isPartOf\":{\"@id\":\"https:\\\/\\\/www.movin-montecarlo.com\\\/#website\"},\"datePublished\":\"2025-11-11T14:32:52+00:00\",\"dateModified\":\"2025-11-11T15:10:40+00:00\",\"breadcrumb\":{\"@id\":\"https:\\\/\\\/www.movin-montecarlo.com\\\/m-i-collection\\\/#breadcrumb\"},\"inLanguage\":\"en-GB\",\"potentialAction\":[{\"@type\":\"ReadAction\",\"target\":[\"https:\\\/\\\/www.movin-montecarlo.com\\\/m-i-collection\\\/\"]}]},{\"@type\":\"BreadcrumbList\",\"@id\":\"https:\\\/\\\/www.movin-montecarlo.com\\\/m-i-collection\\\/#breadcrumb\",\"itemListElement\":[{\"@type\":\"ListItem\",\"position\":1,\"name\":\"Accueil\",\"item\":\"https:\\\/\\\/www.movin-montecarlo.com\\\/\"},{\"@type\":\"ListItem\",\"position\":2,\"name\":\"M.I. COLLECTION\"}]},{\"@type\":\"WebSite\",\"@id\":\"https:\\\/\\\/www.movin-montecarlo.com\\\/#website\",\"url\":\"https:\\\/\\\/www.movin-montecarlo.com\\\/\",\"name\":\"Mov&#039;In Studio | Architecte d&#039;int\u00e9rieur\",\"description\":\"Nous g\u00e9rons votre projet public ou priv\u00e9 de A \u00e0 Z : plans, propositions 3D, administratifs, suivi de chantier, s\u00e9lection de la d\u00e9coration, du mobilier et des mat\u00e9riaux, livraison et installation. Un espace neuf ou \u00e0 r\u00e9nover, contactez-nous.\",\"publisher\":{\"@id\":\"https:\\\/\\\/www.movin-montecarlo.com\\\/#organization\"},\"potentialAction\":[{\"@type\":\"SearchAction\",\"target\":{\"@type\":\"EntryPoint\",\"urlTemplate\":\"https:\\\/\\\/www.movin-montecarlo.com\\\/?s={search_term_string}\"},\"query-input\":{\"@type\":\"PropertyValueSpecification\",\"valueRequired\":true,\"valueName\":\"search_term_string\"}}],\"inLanguage\":\"en-GB\"},{\"@type\":\"Organization\",\"@id\":\"https:\\\/\\\/www.movin-montecarlo.com\\\/#organization\",\"name\":\"movin\",\"url\":\"https:\\\/\\\/www.movin-montecarlo.com\\\/\",\"logo\":{\"@type\":\"ImageObject\",\"inLanguage\":\"en-GB\",\"@id\":\"https:\\\/\\\/www.movin-montecarlo.com\\\/#\\\/schema\\\/logo\\\/image\\\/\",\"url\":\"https:\\\/\\\/www.movin-montecarlo.com\\\/wp-content\\\/uploads\\\/2025\\\/02\\\/cropped-Fichier-39.png\",\"contentUrl\":\"https:\\\/\\\/www.movin-montecarlo.com\\\/wp-content\\\/uploads\\\/2025\\\/02\\\/cropped-Fichier-39.png\",\"width\":1275,\"height\":874,\"caption\":\"movin\"},\"image\":{\"@id\":\"https:\\\/\\\/www.movin-montecarlo.com\\\/#\\\/schema\\\/logo\\\/image\\\/\"},\"sameAs\":[\"https:\\\/\\\/www.instagram.com\\\/movinmonaco\\\/\"]}]}<\/script>\n<!-- \/ Yoast SEO plugin. -->","yoast_head_json":{"title":"M.I. COLLECTION - Mov'In Studio | Interior designer","robots":{"index":"index","follow":"follow","max-snippet":"max-snippet:-1","max-image-preview":"max-image-preview:large","max-video-preview":"max-video-preview:-1"},"canonical":"https:\/\/www.movin-montecarlo.com\/en\/m-i-collection\/","og_locale":"en_GB","og_type":"article","og_title":"M.I. COLLECTION - Mov&#039;In Studio | Architecte d&#039;int\u00e9rieur","og_description":"Notre collection sera bient\u00f4t disponible en ligne ! Tous les produits","og_url":"https:\/\/www.movin-montecarlo.com\/en\/m-i-collection\/","og_site_name":"Mov&#039;In Studio | Architecte d&#039;int\u00e9rieur","article_modified_time":"2025-11-11T15:10:40+00:00","twitter_card":"summary_large_image","twitter_misc":{"Estimated reading time":"1 minute"},"schema":{"@context":"https:\/\/schema.org","@graph":[{"@type":"WebPage","@id":"https:\/\/www.movin-montecarlo.com\/m-i-collection\/","url":"https:\/\/www.movin-montecarlo.com\/m-i-collection\/","name":"M.I. COLLECTION - Mov'In Studio | Interior designer","isPartOf":{"@id":"https:\/\/www.movin-montecarlo.com\/#website"},"datePublished":"2025-11-11T14:32:52+00:00","dateModified":"2025-11-11T15:10:40+00:00","breadcrumb":{"@id":"https:\/\/www.movin-montecarlo.com\/m-i-collection\/#breadcrumb"},"inLanguage":"en-GB","potentialAction":[{"@type":"ReadAction","target":["https:\/\/www.movin-montecarlo.com\/m-i-collection\/"]}]},{"@type":"BreadcrumbList","@id":"https:\/\/www.movin-montecarlo.com\/m-i-collection\/#breadcrumb","itemListElement":[{"@type":"ListItem","position":1,"name":"Accueil","item":"https:\/\/www.movin-montecarlo.com\/"},{"@type":"ListItem","position":2,"name":"M.I. COLLECTION"}]},{"@type":"WebSite","@id":"https:\/\/www.movin-montecarlo.com\/#website","url":"https:\/\/www.movin-montecarlo.com\/","name":"Mov'In Studio | Interior Architect","description":"We manage your public or private project from A to Z: plans, 3D proposals, administration, site supervision, selection of decoration, furniture and materials, delivery and installation. If you have a new space or a space to renovate, contact us.","publisher":{"@id":"https:\/\/www.movin-montecarlo.com\/#organization"},"potentialAction":[{"@type":"SearchAction","target":{"@type":"EntryPoint","urlTemplate":"https:\/\/www.movin-montecarlo.com\/?s={search_term_string}"},"query-input":{"@type":"PropertyValueSpecification","valueRequired":true,"valueName":"search_term_string"}}],"inLanguage":"en-GB"},{"@type":"Organization","@id":"https:\/\/www.movin-montecarlo.com\/#organization","name":"movin","url":"https:\/\/www.movin-montecarlo.com\/","logo":{"@type":"ImageObject","inLanguage":"en-GB","@id":"https:\/\/www.movin-montecarlo.com\/#\/schema\/logo\/image\/","url":"https:\/\/www.movin-montecarlo.com\/wp-content\/uploads\/2025\/02\/cropped-Fichier-39.png","contentUrl":"https:\/\/www.movin-montecarlo.com\/wp-content\/uploads\/2025\/02\/cropped-Fichier-39.png","width":1275,"height":874,"caption":"movin"},"image":{"@id":"https:\/\/www.movin-montecarlo.com\/#\/schema\/logo\/image\/"},"sameAs":["https:\/\/www.instagram.com\/movinmonaco\/"]}]}},"_links":{"self":[{"href":"https:\/\/www.movin-montecarlo.com\/en\/wp-json\/wp\/v2\/pages\/8053","targetHints":{"allow":["GET"]}}],"collection":[{"href":"https:\/\/www.movin-montecarlo.com\/en\/wp-json\/wp\/v2\/pages"}],"about":[{"href":"https:\/\/www.movin-montecarlo.com\/en\/wp-json\/wp\/v2\/types\/page"}],"author":[{"embeddable":true,"href":"https:\/\/www.movin-montecarlo.com\/en\/wp-json\/wp\/v2\/users\/5"}],"replies":[{"embeddable":true,"href":"https:\/\/www.movin-montecarlo.com\/en\/wp-json\/wp\/v2\/comments?post=8053"}],"version-history":[{"count":6,"href":"https:\/\/www.movin-montecarlo.com\/en\/wp-json\/wp\/v2\/pages\/8053\/revisions"}],"predecessor-version":[{"id":8069,"href":"https:\/\/www.movin-montecarlo.com\/en\/wp-json\/wp\/v2\/pages\/8053\/revisions\/8069"}],"wp:attachment":[{"href":"https:\/\/www.movin-montecarlo.com\/en\/wp-json\/wp\/v2\/media?parent=8053"}],"curies":[{"name":"wp","href":"https:\/\/api.w.org\/{rel}","templated":true}]}}