{"id":5005,"date":"2023-05-23T13:16:45","date_gmt":"2023-05-23T11:16:45","guid":{"rendered":"https:\/\/www.movin-montecarlo.com\/?page_id=5005"},"modified":"2025-11-11T17:48:32","modified_gmt":"2025-11-11T16:48:32","slug":"marque-de-design","status":"publish","type":"page","link":"https:\/\/www.movin-montecarlo.com\/en\/marque-de-design\/","title":{"rendered":"DESIGN MARKS"},"content":{"rendered":"<div data-elementor-type=\"wp-page\" data-elementor-id=\"5005\" class=\"elementor elementor-5005\">\n\t\t\t\t\t\t<section class=\"elementor-section elementor-top-section elementor-element elementor-element-09e97b0 elementor-section-boxed elementor-section-height-default elementor-section-height-default\" data-id=\"09e97b0\" data-element_type=\"section\" data-e-type=\"section\">\n\t\t\t\t\t\t<div class=\"elementor-container elementor-column-gap-default\">\n\t\t\t\t\t<div class=\"elementor-column elementor-col-100 elementor-top-column elementor-element elementor-element-3dcf385\" data-id=\"3dcf385\" data-element_type=\"column\" data-e-type=\"column\">\n\t\t\t<div class=\"elementor-widget-wrap elementor-element-populated\">\n\t\t\t\t\t\t<div class=\"elementor-element elementor-element-4c9f99a elementor-widget elementor-widget-text-editor\" data-id=\"4c9f99a\" data-element_type=\"widget\" data-e-type=\"widget\" data-widget_type=\"text-editor.default\">\n\t\t\t\t<div class=\"elementor-widget-container\">\n\t\t\t\t\t\t\t\t\t<p class=\"p1\"><span class=\"s1\">Our design brands currently on display in the showroom<\/span><\/p>\t\t\t\t\t\t\t\t<\/div>\n\t\t\t\t<\/div>\n\t\t\t\t<div class=\"elementor-element elementor-element-0fa87d1 elementor-widget elementor-widget-text-editor\" data-id=\"0fa87d1\" data-element_type=\"widget\" data-e-type=\"widget\" data-widget_type=\"text-editor.default\">\n\t\t\t\t<div class=\"elementor-widget-container\">\n\t\t\t\t\t\t\t\t\t<p>We can represent any design brand. <br>Looking for a particular brand?&nbsp;<a href=\"https:\/\/www.movin-montecarlo.com\/en\/contact\/\" style=\"background-color: rgb(246, 244, 239);\"><u>Contact us<\/u><\/a><\/p>\t\t\t\t\t\t\t\t<\/div>\n\t\t\t\t<\/div>\n\t\t<div class=\"elementor-element elementor-element-c21cec7 e-flex e-con-boxed e-con e-parent\" data-id=\"c21cec7\" data-element_type=\"container\" data-e-type=\"container\">\n\t\t\t\t\t<div class=\"e-con-inner\">\n\t\t\t\t<div class=\"elementor-element elementor-element-abe3a1b elementor-widget-divider--view-line elementor-widget elementor-widget-divider\" data-id=\"abe3a1b\" data-element_type=\"widget\" data-e-type=\"widget\" data-widget_type=\"divider.default\">\n\t\t\t\t<div class=\"elementor-widget-container\">\n\t\t\t\t\t\t\t<div class=\"elementor-divider\">\n\t\t\t<span class=\"elementor-divider-separator\">\n\t\t\t\t\t\t<\/span>\n\t\t<\/div>\n\t\t\t\t\t\t<\/div>\n\t\t\t\t<\/div>\n\t\t\t\t\t<\/div>\n\t\t\t\t<\/div>\n\t\t\t\t<div class=\"elementor-element elementor-element-ee866d0 elementor-widget elementor-widget-wp-widget-woocommerce_product_tag_cloud\" data-id=\"ee866d0\" data-element_type=\"widget\" data-e-type=\"widget\" id=\"product-tag\" data-widget_type=\"wp-widget-woocommerce_product_tag_cloud.default\">\n\t\t\t\t<div class=\"elementor-widget-container\">\n\t\t\t\t\t<div class=\"woocommerce widget_product_tag_cloud\"><h5>Our partnerships<\/h5><div class=\"tagcloud\"><a href=\"https:\/\/www.movin-montecarlo.com\/en\/product-tag\/alessi\/\" class=\"tag-cloud-link tag-link-47 tag-link-position-1\" style=\"font-size: 8pt;\" aria-label=\"Alessi (1 product)\" data-no-translation-aria-label=\"\">Alessi<\/a>\n<a href=\"https:\/\/www.movin-montecarlo.com\/en\/product-tag\/alexandre-turpault\/\" class=\"tag-cloud-link tag-link-57 tag-link-position-2\" style=\"font-size: 10.625pt;\" aria-label=\"Alexandre Turpault (2 products)\" data-no-translation-aria-label=\"\">Alexandre Turpault<\/a>\n<a href=\"https:\/\/www.movin-montecarlo.com\/en\/product-tag\/artemide\/\" class=\"tag-cloud-link tag-link-48 tag-link-position-3\" style=\"font-size: 12.375pt;\" aria-label=\"Artemide (3 products)\" data-no-translation-aria-label=\"\">Artemide<\/a>\n<a href=\"https:\/\/www.movin-montecarlo.com\/en\/product-tag\/audo\/\" class=\"tag-cloud-link tag-link-53 tag-link-position-4\" style=\"font-size: 8pt;\" aria-label=\"Audo (1 product)\" data-no-translation-aria-label=\"\">Audo<\/a>\n<a href=\"https:\/\/www.movin-montecarlo.com\/en\/product-tag\/baccarat\/\" class=\"tag-cloud-link tag-link-245 tag-link-position-5\" style=\"font-size: 8pt;\" aria-label=\"Baccarat (1 product)\" data-no-translation-aria-label=\"\">Baccarat<\/a>\n<a href=\"https:\/\/www.movin-montecarlo.com\/en\/product-tag\/baxter\/\" class=\"tag-cloud-link tag-link-69 tag-link-position-6\" style=\"font-size: 8pt;\" aria-label=\"Baxter (1 product)\" data-no-translation-aria-label=\"\">Baxter<\/a>\n<a href=\"https:\/\/www.movin-montecarlo.com\/en\/product-tag\/foscarini\/\" class=\"tag-cloud-link tag-link-50 tag-link-position-7\" style=\"font-size: 13.833333333333pt;\" aria-label=\"Foscarini (4 products)\" data-no-translation-aria-label=\"\">Foscarini<\/a>\n<a href=\"https:\/\/www.movin-montecarlo.com\/en\/product-tag\/gervasoni\/\" class=\"tag-cloud-link tag-link-54 tag-link-position-8\" style=\"font-size: 22pt;\" aria-label=\"Gervasoni (17 products)\" data-no-translation-aria-label=\"\">Gervasoni<\/a>\n<a href=\"https:\/\/www.movin-montecarlo.com\/en\/product-tag\/hypsoe\/\" class=\"tag-cloud-link tag-link-138 tag-link-position-9\" style=\"font-size: 8pt;\" aria-label=\"Hypsoe (1 product)\" data-no-translation-aria-label=\"\">Hypsoe<\/a>\n<a href=\"https:\/\/www.movin-montecarlo.com\/en\/product-tag\/ingo-maurer\/\" class=\"tag-cloud-link tag-link-141 tag-link-position-10\" style=\"font-size: 15pt;\" aria-label=\"Ingo Maurer (5 products)\" data-no-translation-aria-label=\"\">Ingo Maurer<\/a>\n<a href=\"https:\/\/www.movin-montecarlo.com\/en\/product-tag\/jars-ceramistes\/\" class=\"tag-cloud-link tag-link-51 tag-link-position-11\" style=\"font-size: 13.833333333333pt;\" aria-label=\"Jars C\u00e9ramistes (4 products)\" data-no-translation-aria-label=\"\">Jars C\u00e9ramistes<\/a>\n<a href=\"https:\/\/www.movin-montecarlo.com\/en\/product-tag\/living-divani\/\" class=\"tag-cloud-link tag-link-157 tag-link-position-12\" style=\"font-size: 8pt;\" aria-label=\"Living Divani (1 product)\" data-no-translation-aria-label=\"\">Living Divani<\/a>\n<a href=\"https:\/\/www.movin-montecarlo.com\/en\/product-tag\/louis-poulsen\/\" class=\"tag-cloud-link tag-link-159 tag-link-position-13\" style=\"font-size: 19.375pt;\" aria-label=\"Louis Poulsen (11 products)\" data-no-translation-aria-label=\"\">Louis Poulsen<\/a>\n<a href=\"https:\/\/www.movin-montecarlo.com\/en\/product-tag\/maison-de-vacances\/\" class=\"tag-cloud-link tag-link-165 tag-link-position-14\" style=\"font-size: 19.8125pt;\" aria-label=\"Maison de Vacances (12 products)\" data-no-translation-aria-label=\"\">Holiday House<\/a>\n<a href=\"https:\/\/www.movin-montecarlo.com\/en\/product-tag\/moooi\/\" class=\"tag-cloud-link tag-link-176 tag-link-position-15\" style=\"font-size: 8pt;\" aria-label=\"Moooi (1 product)\" data-no-translation-aria-label=\"\">Moooi<\/a>\n<a href=\"https:\/\/www.movin-montecarlo.com\/en\/product-tag\/santa-cole\/\" class=\"tag-cloud-link tag-link-46 tag-link-position-16\" style=\"font-size: 13.833333333333pt;\" aria-label=\"Santa &amp; Cole (4 products)\" data-no-translation-aria-label=\"\">Santa &amp; Cole<\/a>\n<a href=\"https:\/\/www.movin-montecarlo.com\/en\/product-tag\/secto-design\/\" class=\"tag-cloud-link tag-link-209 tag-link-position-17\" style=\"font-size: 8pt;\" aria-label=\"Secto Design (1 product)\" data-no-translation-aria-label=\"\">Secto Design<\/a>\n<a href=\"https:\/\/www.movin-montecarlo.com\/en\/product-tag\/serax\/\" class=\"tag-cloud-link tag-link-49 tag-link-position-18\" style=\"font-size: 22pt;\" aria-label=\"Serax (17 products)\" data-no-translation-aria-label=\"\">Serax<\/a><\/div><\/div>\t\t\t\t<\/div>\n\t\t\t\t<\/div>\n\t\t\t\t\t<\/div>\n\t\t<\/div>\n\t\t\t\t\t<\/div>\n\t\t<\/section>\n\t\t\t\t<\/div>","protected":false},"excerpt":{"rendered":"<p>Nos marques de design actuellement expos\u00e9es au showroom Nous pouvons repr\u00e9senter toute marque de design. Vous recherchez une marque en particulier ?&nbsp;Contactez-nous<\/p>","protected":false},"author":5,"featured_media":0,"parent":0,"menu_order":0,"comment_status":"closed","ping_status":"closed","template":"elementor_header_footer","meta":{"footnotes":""},"class_list":["post-5005","page","type-page","status-publish","hentry"],"yoast_head":"<!-- This site is optimized with the Yoast SEO plugin v27.6 - https:\/\/yoast.com\/product\/yoast-seo-wordpress\/ -->\n<title>MARQUES DE DESIGN - Mov&#039;In Studio | Architecte d&#039;int\u00e9rieur<\/title>\n<meta name=\"robots\" content=\"index, follow, max-snippet:-1, max-image-preview:large, max-video-preview:-1\" \/>\n<link rel=\"canonical\" href=\"https:\/\/www.movin-montecarlo.com\/en\/marque-de-design\/\" \/>\n<meta property=\"og:locale\" content=\"en_GB\" \/>\n<meta property=\"og:type\" content=\"article\" \/>\n<meta property=\"og:title\" content=\"MARQUES DE DESIGN - Mov&#039;In Studio | Architecte d&#039;int\u00e9rieur\" \/>\n<meta property=\"og:description\" content=\"Nos marques de design actuellement expos\u00e9es au showroom Nous pouvons repr\u00e9senter toute marque de design. Vous recherchez une marque en particulier ?&nbsp;Contactez-nous\" \/>\n<meta property=\"og:url\" content=\"https:\/\/www.movin-montecarlo.com\/en\/marque-de-design\/\" \/>\n<meta property=\"og:site_name\" content=\"Mov&#039;In Studio | Architecte d&#039;int\u00e9rieur\" \/>\n<meta property=\"article:modified_time\" content=\"2025-11-11T16:48:32+00:00\" \/>\n<meta name=\"twitter:card\" content=\"summary_large_image\" \/>\n<meta name=\"twitter:label1\" content=\"Estimated reading time\" \/>\n\t<meta name=\"twitter:data1\" content=\"1 minute\" \/>\n<script type=\"application\/ld+json\" class=\"yoast-schema-graph\">{\"@context\":\"https:\\\/\\\/schema.org\",\"@graph\":[{\"@type\":\"WebPage\",\"@id\":\"https:\\\/\\\/www.movin-montecarlo.com\\\/marque-de-design\\\/\",\"url\":\"https:\\\/\\\/www.movin-montecarlo.com\\\/marque-de-design\\\/\",\"name\":\"MARQUES DE DESIGN - Mov&#039;In Studio | Architecte d&#039;int\u00e9rieur\",\"isPartOf\":{\"@id\":\"https:\\\/\\\/www.movin-montecarlo.com\\\/#website\"},\"datePublished\":\"2023-05-23T11:16:45+00:00\",\"dateModified\":\"2025-11-11T16:48:32+00:00\",\"breadcrumb\":{\"@id\":\"https:\\\/\\\/www.movin-montecarlo.com\\\/marque-de-design\\\/#breadcrumb\"},\"inLanguage\":\"en-GB\",\"potentialAction\":[{\"@type\":\"ReadAction\",\"target\":[\"https:\\\/\\\/www.movin-montecarlo.com\\\/marque-de-design\\\/\"]}]},{\"@type\":\"BreadcrumbList\",\"@id\":\"https:\\\/\\\/www.movin-montecarlo.com\\\/marque-de-design\\\/#breadcrumb\",\"itemListElement\":[{\"@type\":\"ListItem\",\"position\":1,\"name\":\"Accueil\",\"item\":\"https:\\\/\\\/www.movin-montecarlo.com\\\/\"},{\"@type\":\"ListItem\",\"position\":2,\"name\":\"MARQUES DE DESIGN\"}]},{\"@type\":\"WebSite\",\"@id\":\"https:\\\/\\\/www.movin-montecarlo.com\\\/#website\",\"url\":\"https:\\\/\\\/www.movin-montecarlo.com\\\/\",\"name\":\"Mov&#039;In Studio | Architecte d&#039;int\u00e9rieur\",\"description\":\"Nous g\u00e9rons votre projet public ou priv\u00e9 de A \u00e0 Z : plans, propositions 3D, administratifs, suivi de chantier, s\u00e9lection de la d\u00e9coration, du mobilier et des mat\u00e9riaux, livraison et installation. Un espace neuf ou \u00e0 r\u00e9nover, contactez-nous.\",\"publisher\":{\"@id\":\"https:\\\/\\\/www.movin-montecarlo.com\\\/#organization\"},\"potentialAction\":[{\"@type\":\"SearchAction\",\"target\":{\"@type\":\"EntryPoint\",\"urlTemplate\":\"https:\\\/\\\/www.movin-montecarlo.com\\\/?s={search_term_string}\"},\"query-input\":{\"@type\":\"PropertyValueSpecification\",\"valueRequired\":true,\"valueName\":\"search_term_string\"}}],\"inLanguage\":\"en-GB\"},{\"@type\":\"Organization\",\"@id\":\"https:\\\/\\\/www.movin-montecarlo.com\\\/#organization\",\"name\":\"movin\",\"url\":\"https:\\\/\\\/www.movin-montecarlo.com\\\/\",\"logo\":{\"@type\":\"ImageObject\",\"inLanguage\":\"en-GB\",\"@id\":\"https:\\\/\\\/www.movin-montecarlo.com\\\/#\\\/schema\\\/logo\\\/image\\\/\",\"url\":\"https:\\\/\\\/www.movin-montecarlo.com\\\/wp-content\\\/uploads\\\/2025\\\/02\\\/cropped-Fichier-39.png\",\"contentUrl\":\"https:\\\/\\\/www.movin-montecarlo.com\\\/wp-content\\\/uploads\\\/2025\\\/02\\\/cropped-Fichier-39.png\",\"width\":1275,\"height\":874,\"caption\":\"movin\"},\"image\":{\"@id\":\"https:\\\/\\\/www.movin-montecarlo.com\\\/#\\\/schema\\\/logo\\\/image\\\/\"},\"sameAs\":[\"https:\\\/\\\/www.instagram.com\\\/movinmonaco\\\/\"]}]}<\/script>\n<!-- \/ Yoast SEO plugin. -->","yoast_head_json":{"title":"MARQUES DE DESIGN - Mov&#039;In Studio | Architecte d&#039;int\u00e9rieur","robots":{"index":"index","follow":"follow","max-snippet":"max-snippet:-1","max-image-preview":"max-image-preview:large","max-video-preview":"max-video-preview:-1"},"canonical":"https:\/\/www.movin-montecarlo.com\/en\/marque-de-design\/","og_locale":"en_GB","og_type":"article","og_title":"MARQUES DE DESIGN - Mov&#039;In Studio | Architecte d&#039;int\u00e9rieur","og_description":"Nos marques de design actuellement expos\u00e9es au showroom Nous pouvons repr\u00e9senter toute marque de design. Vous recherchez une marque en particulier ?&nbsp;Contactez-nous","og_url":"https:\/\/www.movin-montecarlo.com\/en\/marque-de-design\/","og_site_name":"Mov&#039;In Studio | Architecte d&#039;int\u00e9rieur","article_modified_time":"2025-11-11T16:48:32+00:00","twitter_card":"summary_large_image","twitter_misc":{"Estimated reading time":"1 minute"},"schema":{"@context":"https:\/\/schema.org","@graph":[{"@type":"WebPage","@id":"https:\/\/www.movin-montecarlo.com\/marque-de-design\/","url":"https:\/\/www.movin-montecarlo.com\/marque-de-design\/","name":"MARQUES DE DESIGN - Mov&#039;In Studio | Architecte d&#039;int\u00e9rieur","isPartOf":{"@id":"https:\/\/www.movin-montecarlo.com\/#website"},"datePublished":"2023-05-23T11:16:45+00:00","dateModified":"2025-11-11T16:48:32+00:00","breadcrumb":{"@id":"https:\/\/www.movin-montecarlo.com\/marque-de-design\/#breadcrumb"},"inLanguage":"en-GB","potentialAction":[{"@type":"ReadAction","target":["https:\/\/www.movin-montecarlo.com\/marque-de-design\/"]}]},{"@type":"BreadcrumbList","@id":"https:\/\/www.movin-montecarlo.com\/marque-de-design\/#breadcrumb","itemListElement":[{"@type":"ListItem","position":1,"name":"Accueil","item":"https:\/\/www.movin-montecarlo.com\/"},{"@type":"ListItem","position":2,"name":"MARQUES DE DESIGN"}]},{"@type":"WebSite","@id":"https:\/\/www.movin-montecarlo.com\/#website","url":"https:\/\/www.movin-montecarlo.com\/","name":"Mov'In Studio | Interior Architect","description":"We manage your public or private project from A to Z: plans, 3D proposals, administration, site supervision, selection of decoration, furniture and materials, delivery and installation. If you have a new space or a space to renovate, contact us.","publisher":{"@id":"https:\/\/www.movin-montecarlo.com\/#organization"},"potentialAction":[{"@type":"SearchAction","target":{"@type":"EntryPoint","urlTemplate":"https:\/\/www.movin-montecarlo.com\/?s={search_term_string}"},"query-input":{"@type":"PropertyValueSpecification","valueRequired":true,"valueName":"search_term_string"}}],"inLanguage":"en-GB"},{"@type":"Organization","@id":"https:\/\/www.movin-montecarlo.com\/#organization","name":"movin","url":"https:\/\/www.movin-montecarlo.com\/","logo":{"@type":"ImageObject","inLanguage":"en-GB","@id":"https:\/\/www.movin-montecarlo.com\/#\/schema\/logo\/image\/","url":"https:\/\/www.movin-montecarlo.com\/wp-content\/uploads\/2025\/02\/cropped-Fichier-39.png","contentUrl":"https:\/\/www.movin-montecarlo.com\/wp-content\/uploads\/2025\/02\/cropped-Fichier-39.png","width":1275,"height":874,"caption":"movin"},"image":{"@id":"https:\/\/www.movin-montecarlo.com\/#\/schema\/logo\/image\/"},"sameAs":["https:\/\/www.instagram.com\/movinmonaco\/"]}]}},"_links":{"self":[{"href":"https:\/\/www.movin-montecarlo.com\/en\/wp-json\/wp\/v2\/pages\/5005","targetHints":{"allow":["GET"]}}],"collection":[{"href":"https:\/\/www.movin-montecarlo.com\/en\/wp-json\/wp\/v2\/pages"}],"about":[{"href":"https:\/\/www.movin-montecarlo.com\/en\/wp-json\/wp\/v2\/types\/page"}],"author":[{"embeddable":true,"href":"https:\/\/www.movin-montecarlo.com\/en\/wp-json\/wp\/v2\/users\/5"}],"replies":[{"embeddable":true,"href":"https:\/\/www.movin-montecarlo.com\/en\/wp-json\/wp\/v2\/comments?post=5005"}],"version-history":[{"count":41,"href":"https:\/\/www.movin-montecarlo.com\/en\/wp-json\/wp\/v2\/pages\/5005\/revisions"}],"predecessor-version":[{"id":8167,"href":"https:\/\/www.movin-montecarlo.com\/en\/wp-json\/wp\/v2\/pages\/5005\/revisions\/8167"}],"wp:attachment":[{"href":"https:\/\/www.movin-montecarlo.com\/en\/wp-json\/wp\/v2\/media?parent=5005"}],"curies":[{"name":"wp","href":"https:\/\/api.w.org\/{rel}","templated":true}]}}